{"id":514,"date":"2022-10-04T21:48:25","date_gmt":"2022-10-04T21:48:25","guid":{"rendered":"http:\/\/www.turkuazokullari.com\/?page_id=514"},"modified":"2025-07-21T09:59:29","modified_gmt":"2025-07-21T09:59:29","slug":"bugra-anadolu-saglik-lisesi-genel-bilgi","status":"publish","type":"page","link":"http:\/\/www.turkuazokullari.com\/index.php\/bugra-anadolu-saglik-lisesi-genel-bilgi\/","title":{"rendered":"Genel Bilgi"},"content":{"rendered":"<div id=\"pl-514\"  class=\"panel-layout\" ><div id=\"pg-514-0\"  class=\"panel-grid panel-has-style\" ><div class=\"siteorigin-panels-stretch panel-row-style panel-row-style-for-514-0\" data-stretch-type=\"full\" ><div id=\"pgc-514-0-0\"  class=\"panel-grid-cell\" ><div id=\"panel-514-0-0-0\" class=\"so-panel widget widget_sow-editor panel-first-child panel-last-child\" data-index=\"0\" ><div\n\t\t\t\n\t\t\tclass=\"so-widget-sow-editor so-widget-sow-editor-base\"\n\t\t\t\n\t\t>\n<div class=\"siteorigin-widget-tinymce textwidget\">\n\t<p><img loading=\"lazy\" decoding=\"async\" class=\"wp-image-537 aligncenter\" src=\"http:\/\/www.turkuazokullari.com\/wp-content\/uploads\/2022\/10\/bugra-saglik-meslek-lisesi-2.png\" alt=\"\" width=\"326\" height=\"400\" srcset=\"http:\/\/www.turkuazokullari.com\/wp-content\/uploads\/2022\/10\/bugra-saglik-meslek-lisesi-2.png 656w, http:\/\/www.turkuazokullari.com\/wp-content\/uploads\/2022\/10\/bugra-saglik-meslek-lisesi-2-244x300.png 244w\" sizes=\"(max-width: 326px) 100vw, 326px\" \/><\/p>\n<\/div>\n<\/div><\/div><\/div><div id=\"pgc-514-0-1\"  class=\"panel-grid-cell\" ><div id=\"panel-514-0-1-0\" class=\"so-panel widget widget_sow-editor panel-first-child panel-last-child\" data-index=\"1\" ><div\n\t\t\t\n\t\t\tclass=\"so-widget-sow-editor so-widget-sow-editor-base\"\n\t\t\t\n\t\t>\n<div class=\"siteorigin-widget-tinymce textwidget\">\n\t<h6 style=\"text-align: center;\"><span style=\"font-size: 14pt; font-family: verdana, geneva, sans-serif;\"><strong>\u00d6zel Bu\u011fra Anadolu Sa\u011fl\u0131k Meslek Lisesi<\/strong><\/span><\/h6>\n<p><span style=\"font-family: verdana, geneva, sans-serif;\">\u00d6zel Bu\u011fra Anadolu Sa\u011fl\u0131k Meslek Lisesi, \u0130stanbul Pendik b\u00f6lgesinde e\u011fitim veren \u00f6zel lisedir. Fiziki a\u00e7\u0131dan geni\u015f kullan\u0131m alanlar\u0131na ve \u00f6\u011frencilerinin e\u011fitimlerinden maksimum verimi alabilmeleri i\u00e7in uygulamal\u0131 e\u011fitimlerin s\u00fcrd\u00fcr\u00fcld\u00fc\u011f\u00fc laboratuvarla sahip bir okuldur. \u00dcniversite s\u0131nav\u0131nda ba\u015far\u0131 oran\u0131n\u0131 y\u00fcksek tutmay\u0131 ama\u00e7layan bu okulumuz \u00f6\u011frencilerine verdi\u011fi e\u011fitimleri 9. s\u0131n\u0131ftan 12. s\u0131n\u0131fa kadar yo\u011funla\u015fan \u015fekilde artt\u0131rmaktad\u0131r.<\/span><\/p>\n<p><span style=\"font-family: verdana, geneva, sans-serif;\">\u00d6zel Bu\u011fra Anadolu Sa\u011fl\u0131k Meslek Lisesi'nde 12. s\u0131n\u0131f \u00fcniversite haz\u0131rl\u0131k e\u011fitimlerinin en yo\u011fun oldu\u011fu d\u00f6nemdir. Bu ba\u011flamda \u00f6\u011frencilerimize d\u00fczenli olarak \u00f6l\u00e7me ve de\u011ferlendirme s\u0131navlar\u0131 sunularak test \u00e7\u00f6zme konular\u0131nda yetkinlik sa\u011flan\u0131rken ayn\u0131 zamanda \u00f6\u011frencilerimizin eksikli\u011fi bulunan konular belirlenerek hafta sonlar\u0131 d\u00fczenlenen et\u00fct ve \u00f6zel ders tekrarlar\u0131yla bu konular\u0131n eksikli\u011finin kapat\u0131lmas\u0131 sa\u011flanmaktad\u0131r.<\/span><\/p>\n<p><span style=\"font-family: verdana, geneva, sans-serif;\">\u00d6zel Bu\u011fra Anadolu Sa\u011fl\u0131k Meslek Lisesi \u00f6\u011frencilerimize verdi\u011fimiz yabanc\u0131 dil e\u011fitimleriyle de dikkat \u00e7eken kurumlar aras\u0131ndad\u0131r. \u0130ngilizce e\u011fitimlerinin y\u00fcr\u00fct\u00fcld\u00fc\u011f\u00fcm\u00fcz okulumuzda \u00f6\u011frencilere kur \u015feklinde ilk s\u0131n\u0131ftan son s\u0131n\u0131fa kadar g\u00fcncellenen bir akademik d\u00fczen y\u00fcr\u00fct\u00fclmektedir. Hem\u015firelik, Yard\u0131mc\u0131 Hem\u015firelik, Acil T\u0131p Teknisyenli\u011fi ve Sa\u011fl\u0131k Bak\u0131m Teknisyenli\u011fi b\u00f6l\u00fcmlerini i\u00e7eren bu kurumumuz, \u00f6\u011frencilerini \u00fcniversitelerin 4 y\u0131ll\u0131k lisanslar\u0131na yerle\u015ftirmeyi ama\u00e7lam\u0131\u015ft\u0131r.<\/span><\/p>\n<p><span style=\"font-family: verdana, geneva, sans-serif;\">Son s\u0131n\u0131fa gelen \u00f6\u011frencilerimize \u00f6\u011frendikleri teorik bilgileri prati\u011fe d\u00f6n\u00fc\u015ft\u00fcrebilecekleri f\u0131rsat tan\u0131yan \u00d6zel Bu\u011fra Anadolu Sa\u011fl\u0131k Meslek Lisesi, erken ya\u015fta meslek sahibi olan, alan\u0131nda uzman ve aranan bireyler yeti\u015ftirmeyi ama\u00e7lamaktad\u0131r. 8.50 - 18.00 saatleri aras\u0131nda e\u011fitim veren bu okulumuz \u00f6\u011frencilerimizin enerji ihtiyac\u0131n\u0131 kar\u015f\u0131layabilmek i\u00e7in besin de\u011ferleri hesaplanm\u0131\u015f men\u00fcleri \u00f6\u011frencilere sunmaktad\u0131r. \u00c7evre il\u00e7elerden de tercih edilen bir okul oldu\u011funmuzdan servis hizmetiyle g\u00fcvenli bir \u015fekilde ula\u015f\u0131m sa\u011flamaktad\u0131r.<\/span><\/p>\n<\/div>\n<\/div><\/div><\/div><\/div><\/div><div id=\"pg-514-1\"  class=\"panel-grid panel-has-style\" ><div class=\"siteorigin-panels-stretch panel-row-style panel-row-style-for-514-1\" data-stretch-type=\"full\" ><div id=\"pgc-514-1-0\"  class=\"panel-grid-cell\" ><div id=\"panel-514-1-0-0\" class=\"so-panel widget widget_sow-editor panel-first-child panel-last-child\" data-index=\"2\" ><div\n\t\t\t\n\t\t\tclass=\"so-widget-sow-editor so-widget-sow-editor-base\"\n\t\t\t\n\t\t>\n<div class=\"siteorigin-widget-tinymce textwidget\">\n\t<h6 style=\"text-align: center;\"><span style=\"font-size: 14pt; font-family: verdana, geneva, sans-serif;\"><strong>Fiziksel \u0130mkanlar<\/strong><\/span><\/h6>\n<\/div>\n<\/div><\/div><\/div><\/div><\/div><div id=\"pg-514-2\"  class=\"panel-grid panel-has-style\" ><div class=\"siteorigin-panels-stretch panel-row-style panel-row-style-for-514-2\" data-stretch-type=\"full\" ><div id=\"pgc-514-2-0\"  class=\"panel-grid-cell\" ><div id=\"panel-514-2-0-0\" class=\"so-panel widget widget_sow-editor panel-first-child panel-last-child\" data-index=\"3\" ><div\n\t\t\t\n\t\t\tclass=\"so-widget-sow-editor so-widget-sow-editor-base\"\n\t\t\t\n\t\t>\n<div class=\"siteorigin-widget-tinymce textwidget\">\n\t<table style=\"border-collapse: collapse; width: 100%;\" border=\"1\">\n<tbody>\n<tr>\n<td style=\"width: 20.6197%;\"><img loading=\"lazy\" decoding=\"async\" class=\"wp-image-525 aligncenter\" src=\"http:\/\/www.turkuazokullari.com\/wp-content\/uploads\/2022\/10\/liste.png\" alt=\"\" width=\"21\" height=\"20\" srcset=\"http:\/\/www.turkuazokullari.com\/wp-content\/uploads\/2022\/10\/liste.png 166w, http:\/\/www.turkuazokullari.com\/wp-content\/uploads\/2022\/10\/liste-150x150.png 150w\" sizes=\"(max-width: 21px) 100vw, 21px\" \/><\/td>\n<td style=\"width: 79.3804%;\">Yemekhane<\/td>\n<\/tr>\n<tr>\n<td style=\"width: 20.6197%;\"><img loading=\"lazy\" decoding=\"async\" class=\"alignnone wp-image-525 aligncenter\" src=\"http:\/\/www.turkuazokullari.com\/wp-content\/uploads\/2022\/10\/liste.png\" alt=\"\" width=\"21\" height=\"20\" srcset=\"http:\/\/www.turkuazokullari.com\/wp-content\/uploads\/2022\/10\/liste.png 166w, http:\/\/www.turkuazokullari.com\/wp-content\/uploads\/2022\/10\/liste-150x150.png 150w\" sizes=\"(max-width: 21px) 100vw, 21px\" \/><\/td>\n<td style=\"width: 79.3804%;\">Konferans Salonu<\/td>\n<\/tr>\n<tr>\n<td style=\"width: 20.6197%;\"><img loading=\"lazy\" decoding=\"async\" class=\"alignnone wp-image-525 aligncenter\" src=\"http:\/\/www.turkuazokullari.com\/wp-content\/uploads\/2022\/10\/liste.png\" alt=\"\" width=\"21\" height=\"20\" srcset=\"http:\/\/www.turkuazokullari.com\/wp-content\/uploads\/2022\/10\/liste.png 166w, http:\/\/www.turkuazokullari.com\/wp-content\/uploads\/2022\/10\/liste-150x150.png 150w\" sizes=\"(max-width: 21px) 100vw, 21px\" \/><\/td>\n<td style=\"width: 79.3804%;\">K\u00fct\u00fcphane<\/td>\n<\/tr>\n<tr>\n<td style=\"width: 20.6197%;\"><img loading=\"lazy\" decoding=\"async\" class=\"alignnone wp-image-525 aligncenter\" src=\"http:\/\/www.turkuazokullari.com\/wp-content\/uploads\/2022\/10\/liste.png\" alt=\"\" width=\"21\" height=\"20\" srcset=\"http:\/\/www.turkuazokullari.com\/wp-content\/uploads\/2022\/10\/liste.png 166w, http:\/\/www.turkuazokullari.com\/wp-content\/uploads\/2022\/10\/liste-150x150.png 150w\" sizes=\"(max-width: 21px) 100vw, 21px\" \/><\/td>\n<td style=\"width: 79.3804%;\">Bilgisayar Laboratuvar\u0131<\/td>\n<\/tr>\n<tr>\n<td style=\"width: 20.6197%;\"><img loading=\"lazy\" decoding=\"async\" class=\"wp-image-525 aligncenter\" src=\"http:\/\/www.turkuazokullari.com\/wp-content\/uploads\/2022\/10\/liste.png\" alt=\"\" width=\"21\" height=\"20\" srcset=\"http:\/\/www.turkuazokullari.com\/wp-content\/uploads\/2022\/10\/liste.png 166w, http:\/\/www.turkuazokullari.com\/wp-content\/uploads\/2022\/10\/liste-150x150.png 150w\" sizes=\"(max-width: 21px) 100vw, 21px\" \/><\/td>\n<td style=\"width: 79.3804%;\">Laboratuvarlar<\/td>\n<\/tr>\n<\/tbody>\n<\/table>\n<\/div>\n<\/div><\/div><\/div><div id=\"pgc-514-2-1\"  class=\"panel-grid-cell\" ><div id=\"panel-514-2-1-0\" class=\"so-panel widget widget_sow-editor panel-first-child panel-last-child\" data-index=\"4\" ><div\n\t\t\t\n\t\t\tclass=\"so-widget-sow-editor so-widget-sow-editor-base\"\n\t\t\t\n\t\t>\n<div class=\"siteorigin-widget-tinymce textwidget\">\n\t<table style=\"border-collapse: collapse; width: 100%;\" border=\"1\">\n<tbody>\n<tr>\n<td style=\"width: 17.2885%;\"><img loading=\"lazy\" decoding=\"async\" class=\"wp-image-525 aligncenter\" src=\"http:\/\/www.turkuazokullari.com\/wp-content\/uploads\/2022\/10\/liste.png\" alt=\"\" width=\"21\" height=\"20\" srcset=\"http:\/\/www.turkuazokullari.com\/wp-content\/uploads\/2022\/10\/liste.png 166w, http:\/\/www.turkuazokullari.com\/wp-content\/uploads\/2022\/10\/liste-150x150.png 150w\" sizes=\"(max-width: 21px) 100vw, 21px\" \/><\/td>\n<td style=\"width: 82.7115%;\">Kapal\u0131 Spor Salonu<\/td>\n<\/tr>\n<tr>\n<td style=\"width: 17.2885%;\"><img loading=\"lazy\" decoding=\"async\" class=\"alignnone wp-image-525 aligncenter\" src=\"http:\/\/www.turkuazokullari.com\/wp-content\/uploads\/2022\/10\/liste.png\" alt=\"\" width=\"21\" height=\"20\" srcset=\"http:\/\/www.turkuazokullari.com\/wp-content\/uploads\/2022\/10\/liste.png 166w, http:\/\/www.turkuazokullari.com\/wp-content\/uploads\/2022\/10\/liste-150x150.png 150w\" sizes=\"(max-width: 21px) 100vw, 21px\" \/><\/td>\n<td style=\"width: 82.7115%;\">Bah\u00e7e<\/td>\n<\/tr>\n<tr>\n<td style=\"width: 17.2885%;\"><img loading=\"lazy\" decoding=\"async\" class=\"alignnone wp-image-525 aligncenter\" src=\"http:\/\/www.turkuazokullari.com\/wp-content\/uploads\/2022\/10\/liste.png\" alt=\"\" width=\"21\" height=\"20\" srcset=\"http:\/\/www.turkuazokullari.com\/wp-content\/uploads\/2022\/10\/liste.png 166w, http:\/\/www.turkuazokullari.com\/wp-content\/uploads\/2022\/10\/liste-150x150.png 150w\" sizes=\"(max-width: 21px) 100vw, 21px\" \/><\/td>\n<td style=\"width: 82.7115%;\">Kantin<\/td>\n<\/tr>\n<tr>\n<td style=\"width: 17.2885%;\"><img loading=\"lazy\" decoding=\"async\" class=\"alignnone wp-image-525 aligncenter\" src=\"http:\/\/www.turkuazokullari.com\/wp-content\/uploads\/2022\/10\/liste.png\" alt=\"\" width=\"21\" height=\"20\" srcset=\"http:\/\/www.turkuazokullari.com\/wp-content\/uploads\/2022\/10\/liste.png 166w, http:\/\/www.turkuazokullari.com\/wp-content\/uploads\/2022\/10\/liste-150x150.png 150w\" sizes=\"(max-width: 21px) 100vw, 21px\" \/><\/td>\n<td style=\"width: 82.7115%;\">Spor Alan\u0131<\/td>\n<\/tr>\n<\/tbody>\n<\/table>\n<\/div>\n<\/div><\/div><\/div><div id=\"pgc-514-2-2\"  class=\"panel-grid-cell\" ><div id=\"panel-514-2-2-0\" class=\"so-panel widget widget_sow-editor panel-first-child panel-last-child\" data-index=\"5\" ><div\n\t\t\t\n\t\t\tclass=\"so-widget-sow-editor so-widget-sow-editor-base\"\n\t\t\t\n\t\t>\n<div class=\"siteorigin-widget-tinymce textwidget\">\n\t<p><img loading=\"lazy\" decoding=\"async\" class=\"size-full wp-image-534 aligncenter\" src=\"http:\/\/www.turkuazokullari.com\/wp-content\/uploads\/2022\/10\/yemekhane.jpeg\" alt=\"\" width=\"1080\" height=\"810\" srcset=\"http:\/\/www.turkuazokullari.com\/wp-content\/uploads\/2022\/10\/yemekhane.jpeg 1080w, http:\/\/www.turkuazokullari.com\/wp-content\/uploads\/2022\/10\/yemekhane-300x225.jpeg 300w, http:\/\/www.turkuazokullari.com\/wp-content\/uploads\/2022\/10\/yemekhane-1024x768.jpeg 1024w, http:\/\/www.turkuazokullari.com\/wp-content\/uploads\/2022\/10\/yemekhane-768x576.jpeg 768w\" sizes=\"(max-width: 1080px) 100vw, 1080px\" \/><\/p>\n<\/div>\n<\/div><\/div><\/div><\/div><\/div><\/div>","protected":false},"excerpt":{"rendered":"<p>\u00d6zel Bu\u011fra Anadolu Sa\u011fl\u0131k Meslek Lisesi \u00d6zel Bu\u011fra Anadolu Sa\u011fl\u0131k Meslek Lisesi, \u0130stanbul Pendik b\u00f6lgesinde e\u011fitim veren \u00f6zel lisedir. Fiziki a\u00e7\u0131dan geni\u015f kullan\u0131m alanlar\u0131na ve \u00f6\u011frencilerinin e\u011fitimlerinden maksimum verimi alabilmeleri i\u00e7in uygulamal\u0131 e\u011fitimlerin s\u00fcrd\u00fcr\u00fcld\u00fc\u011f\u00fc laboratuvarla sahip bir okuldur. \u00dcniversite s\u0131nav\u0131nda ba\u015far\u0131 oran\u0131n\u0131 y\u00fcksek tutmay\u0131 ama\u00e7layan bu okulumuz \u00f6\u011frencilerine verdi\u011fi e\u011fitimleri 9. s\u0131n\u0131ftan 12. s\u0131n\u0131fa kadar [&hellip;]<\/p>\n","protected":false},"author":1,"featured_media":0,"parent":0,"menu_order":0,"comment_status":"closed","ping_status":"closed","template":"","meta":{"footnotes":""},"class_list":["post-514","page","type-page","status-publish","hentry","post"],"_links":{"self":[{"href":"http:\/\/www.turkuazokullari.com\/index.php\/wp-json\/wp\/v2\/pages\/514"}],"collection":[{"href":"http:\/\/www.turkuazokullari.com\/index.php\/wp-json\/wp\/v2\/pages"}],"about":[{"href":"http:\/\/www.turkuazokullari.com\/index.php\/wp-json\/wp\/v2\/types\/page"}],"author":[{"embeddable":true,"href":"http:\/\/www.turkuazokullari.com\/index.php\/wp-json\/wp\/v2\/users\/1"}],"replies":[{"embeddable":true,"href":"http:\/\/www.turkuazokullari.com\/index.php\/wp-json\/wp\/v2\/comments?post=514"}],"version-history":[{"count":16,"href":"http:\/\/www.turkuazokullari.com\/index.php\/wp-json\/wp\/v2\/pages\/514\/revisions"}],"predecessor-version":[{"id":1163,"href":"http:\/\/www.turkuazokullari.com\/index.php\/wp-json\/wp\/v2\/pages\/514\/revisions\/1163"}],"wp:attachment":[{"href":"http:\/\/www.turkuazokullari.com\/index.php\/wp-json\/wp\/v2\/media?parent=514"}],"curies":[{"name":"wp","href":"https:\/\/api.w.org\/{rel}","templated":true}]}}