{"id":491,"date":"2022-10-04T13:22:32","date_gmt":"2022-10-04T13:22:32","guid":{"rendered":"http:\/\/www.turkuazokullari.com\/?page_id=491"},"modified":"2025-07-21T14:48:34","modified_gmt":"2025-07-21T14:48:34","slug":"kariyer","status":"publish","type":"page","link":"http:\/\/www.turkuazokullari.com\/index.php\/kariyer\/","title":{"rendered":"Kariyer (\u0130K)"},"content":{"rendered":"<div id=\"pl-491\"  class=\"panel-layout\" ><div id=\"pg-491-0\"  class=\"panel-grid panel-has-style\" ><div class=\"panel-row-style panel-row-style-for-491-0\" ><div id=\"pgc-491-0-0\"  class=\"panel-grid-cell\" ><div id=\"panel-491-0-0-0\" class=\"so-panel widget widget_sow-editor panel-first-child panel-last-child\" data-index=\"0\" ><div\n\t\t\t\n\t\t\tclass=\"so-widget-sow-editor so-widget-sow-editor-base\"\n\t\t\t\n\t\t>\n<div class=\"siteorigin-widget-tinymce textwidget\">\n\t<p><img loading=\"lazy\" decoding=\"async\" class=\"wp-image-1171 size-full alignleft\" src=\"http:\/\/www.turkuazokullari.com\/wp-content\/uploads\/2025\/07\/turkuaz-okullari-kariyer-1-scaled.jpg\" alt=\"\" width=\"2084\" height=\"2560\" srcset=\"http:\/\/www.turkuazokullari.com\/wp-content\/uploads\/2025\/07\/turkuaz-okullari-kariyer-1-scaled.jpg 2084w, http:\/\/www.turkuazokullari.com\/wp-content\/uploads\/2025\/07\/turkuaz-okullari-kariyer-1-244x300.jpg 244w, http:\/\/www.turkuazokullari.com\/wp-content\/uploads\/2025\/07\/turkuaz-okullari-kariyer-1-833x1024.jpg 833w, http:\/\/www.turkuazokullari.com\/wp-content\/uploads\/2025\/07\/turkuaz-okullari-kariyer-1-768x944.jpg 768w, http:\/\/www.turkuazokullari.com\/wp-content\/uploads\/2025\/07\/turkuaz-okullari-kariyer-1-1250x1536.jpg 1250w, http:\/\/www.turkuazokullari.com\/wp-content\/uploads\/2025\/07\/turkuaz-okullari-kariyer-1-1667x2048.jpg 1667w\" sizes=\"(max-width: 2084px) 100vw, 2084px\" \/><\/p>\n<\/div>\n<\/div><\/div><\/div><div id=\"pgc-491-0-1\"  class=\"panel-grid-cell\" ><div id=\"panel-491-0-1-0\" class=\"so-panel widget widget_sow-editor panel-first-child panel-last-child\" data-index=\"1\" ><div\n\t\t\t\n\t\t\tclass=\"so-widget-sow-editor so-widget-sow-editor-base\"\n\t\t\t\n\t\t>\n<div class=\"siteorigin-widget-tinymce textwidget\">\n\t<h6 style=\"text-align: center;\"><span style=\"font-family: verdana, geneva, sans-serif;\"><strong><span style=\"font-size: 14pt;\">TURKUAZ OKULLARI KAR\u0130YER OLANAKLARI<\/span><\/strong><\/span><\/h6>\n<p style=\"text-align: center;\"><span style=\"font-family: verdana, geneva, sans-serif;\"><strong>Turkuaz Okullar\u0131<\/strong> kurumsal hedefler, akademik hedefler ve \u00e7al\u0131\u015fanlar\u0131n kariyer hedeflerine e\u015fit de\u011fer verir ve t\u00fcm e\u011fiticimci ve idareci kadromuz varl\u0131klar\u0131yla kurumumuza de\u011fer katarlar. Geli\u015fmekte ve b\u00fcy\u00fcmekte olan kurumumuza ve kadromuza kat\u0131lmak i\u00e7in a\u015fa\u011f\u0131daki formu doldurarak bizlere CV'nizi ula\u015ft\u0131rabilirsiniz. \u0130htiya\u00e7 do\u011frultusunda sizlerle ileti\u015fime ge\u00e7ilecektir.<\/span><\/p>\n<p>&nbsp;<\/p>\n<h6 style=\"text-align: left;\"><span style=\"font-family: verdana, geneva, sans-serif;\"><strong>BA\u015eVURU FORMU<\/strong><\/span><\/h6>\n<p style=\"text-align: left;\"><div role=\"form\" class=\"wpcf7\" id=\"wpcf7-f501-o1\" lang=\"tr-TR\" dir=\"ltr\">\n<div class=\"screen-reader-response\"><p role=\"status\" aria-live=\"polite\" aria-atomic=\"true\"><\/p> <ul><\/ul><\/div>\n<form action=\"\/index.php\/wp-json\/wp\/v2\/pages\/491#wpcf7-f501-o1\" method=\"post\" class=\"wpcf7-form init\" enctype=\"multipart\/form-data\" novalidate=\"novalidate\" data-status=\"init\">\n<div style=\"display: none;\">\n<input type=\"hidden\" name=\"_wpcf7\" value=\"501\" \/>\n<input type=\"hidden\" name=\"_wpcf7_version\" value=\"5.6.3\" \/>\n<input type=\"hidden\" name=\"_wpcf7_locale\" value=\"tr_TR\" \/>\n<input type=\"hidden\" name=\"_wpcf7_unit_tag\" value=\"wpcf7-f501-o1\" \/>\n<input type=\"hidden\" name=\"_wpcf7_container_post\" value=\"0\" \/>\n<input type=\"hidden\" name=\"_wpcf7_posted_data_hash\" value=\"\" \/>\n<\/div>\n<p><label> Ad\u0131n\u0131z \/ Soyad\u0131n\u0131z<br \/>\n    <span class=\"wpcf7-form-control-wrap\" data-name=\"your-name\"><input type=\"text\" name=\"your-name\" value=\"\" size=\"40\" class=\"wpcf7-form-control wpcf7-text wpcf7-validates-as-required\" aria-required=\"true\" aria-invalid=\"false\" \/><\/span> <\/label><br \/>\n<label> Telfon<br \/>\n    <span class=\"wpcf7-form-control-wrap\" data-name=\"tel-921\"><input type=\"tel\" name=\"tel-921\" value=\"\" size=\"40\" class=\"wpcf7-form-control wpcf7-text wpcf7-tel wpcf7-validates-as-required wpcf7-validates-as-tel\" aria-required=\"true\" aria-invalid=\"false\" \/><\/span> <\/label><br \/>\n<label> E-posta<br \/>\n    <span class=\"wpcf7-form-control-wrap\" data-name=\"your-email\"><input type=\"email\" name=\"your-email\" value=\"\" size=\"40\" class=\"wpcf7-form-control wpcf7-text wpcf7-email wpcf7-validates-as-required wpcf7-validates-as-email\" aria-required=\"true\" aria-invalid=\"false\" \/><\/span> <\/label><br \/>\n<label> \u00d6zge\u00e7mi\u015f Y\u00fckle<br \/>\n    <span class=\"wpcf7-form-control-wrap\" data-name=\"file-940\"><input type=\"file\" name=\"file-940\" size=\"40\" class=\"wpcf7-form-control wpcf7-file wpcf7-validates-as-required\" accept=\".pdf,.txt\" aria-required=\"true\" aria-invalid=\"false\" \/><\/span> <\/label><\/p>\n<p><input type=\"submit\" value=\"G\u00f6nder\" class=\"wpcf7-form-control has-spinner wpcf7-submit\" \/><\/p>\n<div class=\"wpcf7-response-output\" aria-hidden=\"true\"><\/div><\/form><\/div><\/p>\n<\/div>\n<\/div><\/div><\/div><\/div><\/div><\/div>","protected":false},"excerpt":{"rendered":"<p>TURKUAZ OKULLARI KAR\u0130YER OLANAKLARI Turkuaz Okullar\u0131 kurumsal hedefler, akademik hedefler ve \u00e7al\u0131\u015fanlar\u0131n kariyer hedeflerine e\u015fit de\u011fer verir ve t\u00fcm e\u011fiticimci ve idareci kadromuz varl\u0131klar\u0131yla kurumumuza de\u011fer katarlar. Geli\u015fmekte ve b\u00fcy\u00fcmekte olan kurumumuza ve kadromuza kat\u0131lmak i\u00e7in a\u015fa\u011f\u0131daki formu doldurarak bizlere CV&#8217;nizi ula\u015ft\u0131rabilirsiniz. \u0130htiya\u00e7 do\u011frultusunda sizlerle ileti\u015fime ge\u00e7ilecektir. &nbsp; BA\u015eVURU FORMU<\/p>\n","protected":false},"author":1,"featured_media":0,"parent":0,"menu_order":0,"comment_status":"closed","ping_status":"closed","template":"","meta":{"footnotes":""},"class_list":["post-491","page","type-page","status-publish","hentry","post"],"_links":{"self":[{"href":"http:\/\/www.turkuazokullari.com\/index.php\/wp-json\/wp\/v2\/pages\/491"}],"collection":[{"href":"http:\/\/www.turkuazokullari.com\/index.php\/wp-json\/wp\/v2\/pages"}],"about":[{"href":"http:\/\/www.turkuazokullari.com\/index.php\/wp-json\/wp\/v2\/types\/page"}],"author":[{"embeddable":true,"href":"http:\/\/www.turkuazokullari.com\/index.php\/wp-json\/wp\/v2\/users\/1"}],"replies":[{"embeddable":true,"href":"http:\/\/www.turkuazokullari.com\/index.php\/wp-json\/wp\/v2\/comments?post=491"}],"version-history":[{"count":17,"href":"http:\/\/www.turkuazokullari.com\/index.php\/wp-json\/wp\/v2\/pages\/491\/revisions"}],"predecessor-version":[{"id":1174,"href":"http:\/\/www.turkuazokullari.com\/index.php\/wp-json\/wp\/v2\/pages\/491\/revisions\/1174"}],"wp:attachment":[{"href":"http:\/\/www.turkuazokullari.com\/index.php\/wp-json\/wp\/v2\/media?parent=491"}],"curies":[{"name":"wp","href":"https:\/\/api.w.org\/{rel}","templated":true}]}}