{"id":149,"date":"2022-09-17T17:34:19","date_gmt":"2022-09-17T17:34:19","guid":{"rendered":"http:\/\/www.turkuazokullari.com\/?page_id=149"},"modified":"2022-12-13T16:38:11","modified_gmt":"2022-12-13T16:38:11","slug":"iletisim","status":"publish","type":"page","link":"http:\/\/www.turkuazokullari.com\/index.php\/iletisim\/","title":{"rendered":"\u0130leti\u015fim"},"content":{"rendered":"<div id=\"pl-149\"  class=\"panel-layout\" ><div id=\"pg-149-0\"  class=\"panel-grid panel-has-style\" ><div class=\"siteorigin-panels-stretch panel-row-style panel-row-style-for-149-0\" data-stretch-type=\"full\" ><div id=\"pgc-149-0-0\"  class=\"panel-grid-cell\" ><div id=\"panel-149-0-0-0\" class=\"so-panel widget widget_sow-editor panel-first-child panel-last-child\" data-index=\"0\" ><div\n\t\t\t\n\t\t\tclass=\"so-widget-sow-editor so-widget-sow-editor-base\"\n\t\t\t\n\t\t>\n<div class=\"siteorigin-widget-tinymce textwidget\">\n\t<p style=\"text-align: center;\"><strong><span style=\"font-size: 14pt;\">Turkuaz Teknoloji Koleji<\/span><br \/>\n<\/strong><\/p>\n<p>&nbsp;<\/p>\n<table style=\"border-collapse: collapse; width: 100%;\" border=\"1\">\n<tbody>\n<tr>\n<td style=\"width: 22.4185%;\"><img loading=\"lazy\" decoding=\"async\" class=\"aligncenter wp-image-468\" src=\"http:\/\/www.turkuazokullari.com\/wp-content\/uploads\/2022\/10\/icon-adres.png\" alt=\"\" width=\"27\" height=\"25\" \/><\/td>\n<td style=\"width: 77.5815%;\">\u00a0\u00a0 Bah\u00e7elievler Mh. Cem Sk N:4 PEND\u0130K \/ \u0130STANBUL<\/td>\n<\/tr>\n<tr>\n<td style=\"width: 22.4185%;\"><img loading=\"lazy\" decoding=\"async\" class=\"aligncenter wp-image-472\" src=\"http:\/\/www.turkuazokullari.com\/wp-content\/uploads\/2022\/10\/icon-tel.png\" alt=\"\" width=\"25\" height=\"25\" \/><\/td>\n<td style=\"width: 77.5815%;\">\u00a0 (0216) 354 34 33<\/td>\n<\/tr>\n<tr>\n<td style=\"width: 22.4185%;\"><img loading=\"lazy\" decoding=\"async\" class=\"aligncenter wp-image-469\" src=\"http:\/\/www.turkuazokullari.com\/wp-content\/uploads\/2022\/10\/icon-cep.png\" alt=\"\" width=\"25\" height=\"25\" \/><\/td>\n<td style=\"width: 77.5815%;\">\u00a0 0549 101 01 61<\/td>\n<\/tr>\n<tr>\n<td style=\"width: 22.4185%;\"><img loading=\"lazy\" decoding=\"async\" class=\"aligncenter wp-image-470\" src=\"http:\/\/www.turkuazokullari.com\/wp-content\/uploads\/2022\/10\/icon-mail.png\" alt=\"\" width=\"25\" height=\"25\" \/><\/td>\n<td style=\"width: 77.5815%;\">\u00a0 info@turkuazokullari.com<\/td>\n<\/tr>\n<tr>\n<td style=\"width: 22.4185%;\"><img loading=\"lazy\" decoding=\"async\" class=\"aligncenter wp-image-471\" src=\"http:\/\/www.turkuazokullari.com\/wp-content\/uploads\/2022\/10\/icon-site.png\" alt=\"\" width=\"25\" height=\"25\" \/><\/td>\n<td style=\"width: 77.5815%;\">\u00a0 www.turkuazokullari.com<\/td>\n<\/tr>\n<\/tbody>\n<\/table>\n<\/div>\n<\/div><\/div><\/div><div id=\"pgc-149-0-1\"  class=\"panel-grid-cell\" ><div id=\"panel-149-0-1-0\" class=\"so-panel widget widget_sow-editor panel-first-child panel-last-child\" data-index=\"1\" ><div\n\t\t\t\n\t\t\tclass=\"so-widget-sow-editor so-widget-sow-editor-base\"\n\t\t\t\n\t\t>\n<div class=\"siteorigin-widget-tinymce textwidget\">\n\t<p style=\"text-align: center;\"><span style=\"font-size: 14pt;\"><strong>Bu\u011fra Anadolu Sa\u011fl\u0131k Lisesi<\/strong><\/span><\/p>\n<p>&nbsp;<\/p>\n<table style=\"border-collapse: collapse; width: 100%;\" border=\"1\">\n<tbody>\n<tr>\n<td style=\"width: 22.4185%;\"><img loading=\"lazy\" decoding=\"async\" class=\"aligncenter wp-image-468\" src=\"http:\/\/www.turkuazokullari.com\/wp-content\/uploads\/2022\/10\/icon-adres.png\" alt=\"\" width=\"27\" height=\"25\" \/><\/td>\n<td style=\"width: 77.5815%;\">\u00a0\u00a0 Do\u011fu Mahallesi Dolayoba Cadddesi no:1 PEND\u0130K\/\u0130STANBUL<\/td>\n<\/tr>\n<tr>\n<td style=\"width: 22.4185%;\"><img loading=\"lazy\" decoding=\"async\" class=\"aligncenter wp-image-472\" src=\"http:\/\/www.turkuazokullari.com\/wp-content\/uploads\/2022\/10\/icon-tel.png\" alt=\"\" width=\"25\" height=\"25\" \/><\/td>\n<td style=\"width: 77.5815%;\">\u00a0 (0216) 506 13 78<\/td>\n<\/tr>\n<tr>\n<td style=\"width: 22.4185%;\"><img loading=\"lazy\" decoding=\"async\" class=\"aligncenter wp-image-469\" src=\"http:\/\/www.turkuazokullari.com\/wp-content\/uploads\/2022\/10\/icon-cep.png\" alt=\"\" width=\"25\" height=\"25\" \/><\/td>\n<td style=\"width: 77.5815%;\">\u00a0 0549 103 01 61<\/td>\n<\/tr>\n<tr>\n<td style=\"width: 22.4185%;\"><img loading=\"lazy\" decoding=\"async\" class=\"aligncenter wp-image-470\" src=\"http:\/\/www.turkuazokullari.com\/wp-content\/uploads\/2022\/10\/icon-mail.png\" alt=\"\" width=\"25\" height=\"25\" \/><\/td>\n<td style=\"width: 77.5815%;\">\u00a0 info@turkuazokullari.com<\/td>\n<\/tr>\n<tr>\n<td style=\"width: 22.4185%;\"><img loading=\"lazy\" decoding=\"async\" class=\"aligncenter wp-image-471\" src=\"http:\/\/www.turkuazokullari.com\/wp-content\/uploads\/2022\/10\/icon-site.png\" alt=\"\" width=\"25\" height=\"25\" \/><\/td>\n<td style=\"width: 77.5815%;\">\u00a0 www.turkuazokullari.com<\/td>\n<\/tr>\n<\/tbody>\n<\/table>\n<\/div>\n<\/div><\/div><\/div><\/div><\/div><div id=\"pg-149-1\"  class=\"panel-grid panel-has-style\" ><div class=\"siteorigin-panels-stretch panel-row-style panel-row-style-for-149-1\" data-stretch-type=\"full\" ><div id=\"pgc-149-1-0\"  class=\"panel-grid-cell\" ><div id=\"panel-149-1-0-0\" class=\"so-panel widget widget_sow-editor panel-first-child panel-last-child\" data-index=\"2\" ><div\n\t\t\t\n\t\t\tclass=\"so-widget-sow-editor so-widget-sow-editor-base\"\n\t\t\t\n\t\t>\n<div class=\"siteorigin-widget-tinymce textwidget\">\n\t<p style=\"text-align: center;\"><strong>B\u0130Z\u0130MLE \u0130LET\u0130\u015e\u0130ME GE\u00c7\u0130N.<\/strong><\/p>\n<p style=\"text-align: center;\"><div role=\"form\" class=\"wpcf7\" id=\"wpcf7-f715-o1\" lang=\"tr-TR\" dir=\"ltr\">\n<div class=\"screen-reader-response\"><p role=\"status\" aria-live=\"polite\" aria-atomic=\"true\"><\/p> <ul><\/ul><\/div>\n<form action=\"\/index.php\/wp-json\/wp\/v2\/pages\/149#wpcf7-f715-o1\" method=\"post\" class=\"wpcf7-form init\" novalidate=\"novalidate\" data-status=\"init\">\n<div style=\"display: none;\">\n<input type=\"hidden\" name=\"_wpcf7\" value=\"715\" \/>\n<input type=\"hidden\" name=\"_wpcf7_version\" value=\"5.6.3\" \/>\n<input type=\"hidden\" name=\"_wpcf7_locale\" value=\"tr_TR\" \/>\n<input type=\"hidden\" name=\"_wpcf7_unit_tag\" value=\"wpcf7-f715-o1\" \/>\n<input type=\"hidden\" name=\"_wpcf7_container_post\" value=\"0\" \/>\n<input type=\"hidden\" name=\"_wpcf7_posted_data_hash\" value=\"\" \/>\n<\/div>\n<p><label> Ad\u0131n\u0131z<br \/>\n    <span class=\"wpcf7-form-control-wrap\" data-name=\"your-name\"><input type=\"text\" name=\"your-name\" value=\"\" size=\"40\" class=\"wpcf7-form-control wpcf7-text wpcf7-validates-as-required\" aria-required=\"true\" aria-invalid=\"false\" \/><\/span> <\/label><\/p>\n<p><label> E-posta adresiniz<br \/>\n    <span class=\"wpcf7-form-control-wrap\" data-name=\"your-email\"><input type=\"email\" name=\"your-email\" value=\"\" size=\"40\" class=\"wpcf7-form-control wpcf7-text wpcf7-email wpcf7-validates-as-required wpcf7-validates-as-email\" aria-required=\"true\" aria-invalid=\"false\" \/><\/span> <\/label><\/p>\n<p><label> Konu<br \/>\n    <span class=\"wpcf7-form-control-wrap\" data-name=\"your-subject\"><input type=\"text\" name=\"your-subject\" value=\"\" size=\"40\" class=\"wpcf7-form-control wpcf7-text wpcf7-validates-as-required\" aria-required=\"true\" aria-invalid=\"false\" \/><\/span> <\/label><\/p>\n<p><label> \u0130letiniz (tercihe ba\u011fl\u0131)<br \/>\n    <span class=\"wpcf7-form-control-wrap\" data-name=\"your-message\"><textarea name=\"your-message\" cols=\"40\" rows=\"10\" class=\"wpcf7-form-control wpcf7-textarea\" aria-invalid=\"false\"><\/textarea><\/span> <\/label><\/p>\n<p><input type=\"submit\" value=\"G\u00f6nder\" class=\"wpcf7-form-control has-spinner wpcf7-submit\" \/><\/p>\n<div class=\"wpcf7-response-output\" aria-hidden=\"true\"><\/div><\/form><\/div><\/p>\n<\/div>\n<\/div><\/div><\/div><div id=\"pgc-149-1-1\"  class=\"panel-grid-cell\" ><div id=\"panel-149-1-1-0\" class=\"so-panel widget widget_sow-editor panel-first-child panel-last-child\" data-index=\"3\" ><div\n\t\t\t\n\t\t\tclass=\"so-widget-sow-editor so-widget-sow-editor-base\"\n\t\t\t\n\t\t>\n<div class=\"siteorigin-widget-tinymce textwidget\">\n\t<p><iframe loading=\"lazy\" style=\"border: 0;\" src=\"https:\/\/www.google.com\/maps\/embed?pb=!1m14!1m8!1m3!1d3016.4424013781463!2d29.2410831451416!3d40.88410949707031!3m2!1i1024!2i768!4f13.1!3m3!1m2!1s0x14cadd4a624e7f9d%3A0x43f97eea898d5d2b!2sTURKUAZ%20TEKNOLOJ%C4%B0%20KOLEJ%C4%B0!5e0!3m2!1str!2str!4v1664888918520!5m2!1str!2str\" width=\"1920\" height=\"450\" allowfullscreen=\"allowfullscreen\"><\/iframe><\/p>\n<\/div>\n<\/div><\/div><\/div><\/div><\/div><\/div>","protected":false},"excerpt":{"rendered":"<p>Turkuaz Teknoloji Koleji &nbsp; \u00a0\u00a0 Bah\u00e7elievler Mh. Cem Sk N:4 PEND\u0130K \/ \u0130STANBUL \u00a0 (0216) 354 34 33 \u00a0 0549 101 01 61 \u00a0 info@turkuazokullari.com \u00a0 www.turkuazokullari.com Bu\u011fra Anadolu Sa\u011fl\u0131k Lisesi &nbsp; \u00a0\u00a0 Do\u011fu Mahallesi Dolayoba Cadddesi no:1 PEND\u0130K\/\u0130STANBUL \u00a0 (0216) 506 13 78 \u00a0 0549 103 01 61 \u00a0 info@turkuazokullari.com \u00a0 www.turkuazokullari.com B\u0130Z\u0130MLE \u0130LET\u0130\u015e\u0130ME [&hellip;]<\/p>\n","protected":false},"author":1,"featured_media":0,"parent":0,"menu_order":0,"comment_status":"closed","ping_status":"closed","template":"","meta":{"footnotes":""},"class_list":["post-149","page","type-page","status-publish","hentry","post"],"_links":{"self":[{"href":"http:\/\/www.turkuazokullari.com\/index.php\/wp-json\/wp\/v2\/pages\/149"}],"collection":[{"href":"http:\/\/www.turkuazokullari.com\/index.php\/wp-json\/wp\/v2\/pages"}],"about":[{"href":"http:\/\/www.turkuazokullari.com\/index.php\/wp-json\/wp\/v2\/types\/page"}],"author":[{"embeddable":true,"href":"http:\/\/www.turkuazokullari.com\/index.php\/wp-json\/wp\/v2\/users\/1"}],"replies":[{"embeddable":true,"href":"http:\/\/www.turkuazokullari.com\/index.php\/wp-json\/wp\/v2\/comments?post=149"}],"version-history":[{"count":25,"href":"http:\/\/www.turkuazokullari.com\/index.php\/wp-json\/wp\/v2\/pages\/149\/revisions"}],"predecessor-version":[{"id":825,"href":"http:\/\/www.turkuazokullari.com\/index.php\/wp-json\/wp\/v2\/pages\/149\/revisions\/825"}],"wp:attachment":[{"href":"http:\/\/www.turkuazokullari.com\/index.php\/wp-json\/wp\/v2\/media?parent=149"}],"curies":[{"name":"wp","href":"https:\/\/api.w.org\/{rel}","templated":true}]}}