{"id":143,"date":"2022-09-17T17:32:52","date_gmt":"2022-09-17T17:32:52","guid":{"rendered":"http:\/\/www.turkuazokullari.com\/?page_id=143"},"modified":"2024-08-05T12:49:53","modified_gmt":"2024-08-05T12:49:53","slug":"duyurular","status":"publish","type":"page","link":"http:\/\/www.turkuazokullari.com\/index.php\/duyurular\/","title":{"rendered":"Duyurular"},"content":{"rendered":"<div id=\"pl-143\"  class=\"panel-layout\" ><div id=\"pg-143-0\"  class=\"panel-grid panel-no-style\" ><div id=\"pgc-143-0-0\"  class=\"panel-grid-cell\" ><div id=\"panel-143-0-0-0\" class=\"so-panel widget widget_categories panel-first-child panel-last-child\" data-index=\"0\" ><h3 class=\"widget-title\">Kategoriler<\/h3><form action=\"http:\/\/www.turkuazokullari.com\" method=\"get\"><label class=\"screen-reader-text\" for=\"cat\">Kategoriler<\/label><select  name='cat' id='cat' class='postform'>\n\t<option value='-1'>Kategori se\u00e7in<\/option>\n\t<option class=\"level-0\" value=\"4\">Bu\u011fra Anadolu Sa\u011fl\u0131k Lisesi&nbsp;&nbsp;(14)<\/option>\n\t<option class=\"level-0\" value=\"1\">Turkuaz Teknoloji Koloji&nbsp;&nbsp;(15)<\/option>\n<\/select>\n<\/form><script type=\"text\/javascript\">\n\/* <![CDATA[ *\/\n\n(function() {\n\tvar dropdown = document.getElementById( \"cat\" );\n\tfunction onCatChange() {\n\t\tif ( dropdown.options[ dropdown.selectedIndex ].value > 0 ) {\n\t\t\tdropdown.parentNode.submit();\n\t\t}\n\t}\n\tdropdown.onchange = onCatChange;\n})();\n\n\/* ]]> *\/\n<\/script>\n<\/div><\/div><\/div><div id=\"pg-143-1\"  class=\"panel-grid panel-no-style\" ><div id=\"pgc-143-1-0\"  class=\"panel-grid-cell\" ><div id=\"panel-143-1-0-0\" class=\"so-panel widget widget_sow-blog panel-first-child panel-last-child\" data-index=\"1\" ><div\n\t\t\t\n\t\t\tclass=\"so-widget-sow-blog so-widget-sow-blog-masonry-9db6baebeac0-143\"\n\t\t\t\n\t\t>\t\t<div\n\t\tclass=\"sow-blog sow-blog-layout-masonry\"\n\t\tdata-template=\"masonry\"\n\t\tdata-settings=\"{&quot;columns&quot;:4,&quot;featured_image&quot;:true,&quot;content&quot;:&quot;excerpt&quot;,&quot;excerpt_length&quot;:10,&quot;date&quot;:true,&quot;filter_categories&quot;:true,&quot;so_field_container_state&quot;:&quot;open&quot;,&quot;read_more&quot;:false,&quot;author&quot;:false,&quot;categories&quot;:false,&quot;comment_count&quot;:false,&quot;template&quot;:&quot;masonry&quot;}\"\n\t\tdata-paged=\"1\"\n\t\tdata-total-pages=\"2\"\n\t\tdata-hash=\"4d5022df\"\n\t>\n\t\t\n\t\t<div class=\"sow-blog-posts\">\n\t\t\t\t\t\t\t<article id=\"post-1180\" class=\"sow-masonry-item post-1180 post type-post status-publish format-standard has-post-thumbnail hentry category-bugra category-turkuaz\">\n\t\t\t\t<div class=\"sow-entry-thumbnail\">\n\t\t\t\t\t\t\t\t<a href=\"http:\/\/www.turkuazokullari.com\/index.php\/2025\/08\/04\/2025-yks-tercih-donemi-basladi-tercihler-nereden-ve-nasil-yapilir\/\">\n\t\t\t\t\t<img loading=\"lazy\" decoding=\"async\" width=\"750\" height=\"500\" src=\"http:\/\/www.turkuazokullari.com\/wp-content\/uploads\/2025\/08\/WhatsApp-Image-2025-08-04-at-09.49.16.jpeg\" class=\"attachment-post-thumbnail size-post-thumbnail wp-post-image\" alt=\"\" srcset=\"http:\/\/www.turkuazokullari.com\/wp-content\/uploads\/2025\/08\/WhatsApp-Image-2025-08-04-at-09.49.16.jpeg 750w, http:\/\/www.turkuazokullari.com\/wp-content\/uploads\/2025\/08\/WhatsApp-Image-2025-08-04-at-09.49.16-300x200.jpeg 300w, http:\/\/www.turkuazokullari.com\/wp-content\/uploads\/2025\/08\/WhatsApp-Image-2025-08-04-at-09.49.16-720x480.jpeg 720w, http:\/\/www.turkuazokullari.com\/wp-content\/uploads\/2025\/08\/WhatsApp-Image-2025-08-04-at-09.49.16-272x182.jpeg 272w\" sizes=\"(max-width: 750px) 100vw, 750px\" \/>\t\t\t\t<\/a>\n\t\t\t<\/div>\n\t\t\t\t<div class=\"sow-blog-content-wrapper\" style=\"padding: 25px 30px 33px;\">\n\t\t<header class=\"sow-entry-header\" style=\"margin-bottom: 20px;\">\n\t\t\t<h2 class=\"sow-entry-title\" style=\"margin: 0 0 5px;\"><a href=\"http:\/\/www.turkuazokullari.com\/index.php\/2025\/08\/04\/2025-yks-tercih-donemi-basladi-tercihler-nereden-ve-nasil-yapilir\/\" rel=\"bookmark\">2025 YKS Tercih D\u00f6nemi Ba\u015flad\u0131! Tercihler Nereden ve Nas\u0131l Yap\u0131l\u0131r?<\/a><\/h2>\t\t\t<div class=\"sow-entry-meta\">\n\t\t\t\t\t\t\t<span class=\"sow-entry-date\">\n\t\t\t\t<a href=\"http:\/\/www.turkuazokullari.com\/index.php\/2025\/08\/04\/2025-yks-tercih-donemi-basladi-tercihler-nereden-ve-nasil-yapilir\/\" rel=\"bookmark\">\n\t\t\t\t\t<time class=\"published\" datetime=\"2025-08-04T06:41:08+00:00\">\n\t\t\t\t\t\tA\u011fustos 4, 2025\t\t\t\t\t<\/time>\n\t\t\t\t\t<time class=\"updated\" datetime=\"2025-08-04T10:39:25+00:00\">\n\t\t\t\t\t\tA\u011fustos 4, 2025\t\t\t\t\t<\/time>\n\t\t\t\t<\/a>\n\t\t\t<\/span>\n\t\t\n\t\t\n\t\t\n\t\t\t\t\t<\/div>\n\t\t<\/header>\n\n\t\t<div class=\"sow-entry-content\">\n\t\t\t<p>2025 YKS Tercih D\u00f6nemi Ba\u015flad\u0131! Tercihler Nereden ve Nas\u0131l Yap\u0131l\u0131r?...<\/p>\t\t<\/div>\n\t<\/div>\n<\/article>\n\t\t\t\t\t\t\t<article id=\"post-855\" class=\"sow-masonry-item post-855 post type-post status-publish format-standard has-post-thumbnail hentry category-bugra category-turkuaz\">\n\t\t\t\t<div class=\"sow-entry-thumbnail\">\n\t\t\t\t\t\t\t\t<a href=\"http:\/\/www.turkuazokullari.com\/index.php\/2023\/03\/07\/mart-ayi-yemek-listesi\/\">\n\t\t\t\t\t<img loading=\"lazy\" decoding=\"async\" width=\"750\" height=\"500\" src=\"http:\/\/www.turkuazokullari.com\/wp-content\/uploads\/2022\/09\/ekim-ayi-yemek-listesi.png\" class=\"attachment-post-thumbnail size-post-thumbnail wp-post-image\" alt=\"\" srcset=\"http:\/\/www.turkuazokullari.com\/wp-content\/uploads\/2022\/09\/ekim-ayi-yemek-listesi.png 750w, http:\/\/www.turkuazokullari.com\/wp-content\/uploads\/2022\/09\/ekim-ayi-yemek-listesi-300x200.png 300w, http:\/\/www.turkuazokullari.com\/wp-content\/uploads\/2022\/09\/ekim-ayi-yemek-listesi-720x480.png 720w, http:\/\/www.turkuazokullari.com\/wp-content\/uploads\/2022\/09\/ekim-ayi-yemek-listesi-272x182.png 272w\" sizes=\"(max-width: 750px) 100vw, 750px\" \/>\t\t\t\t<\/a>\n\t\t\t<\/div>\n\t\t\t\t<div class=\"sow-blog-content-wrapper\" style=\"padding: 25px 30px 33px;\">\n\t\t<header class=\"sow-entry-header\" style=\"margin-bottom: 20px;\">\n\t\t\t<h2 class=\"sow-entry-title\" style=\"margin: 0 0 5px;\"><a href=\"http:\/\/www.turkuazokullari.com\/index.php\/2023\/03\/07\/mart-ayi-yemek-listesi\/\" rel=\"bookmark\">Mart Ay\u0131 Yemek Listesi<\/a><\/h2>\t\t\t<div class=\"sow-entry-meta\">\n\t\t\t\t\t\t\t<span class=\"sow-entry-date\">\n\t\t\t\t<a href=\"http:\/\/www.turkuazokullari.com\/index.php\/2023\/03\/07\/mart-ayi-yemek-listesi\/\" rel=\"bookmark\">\n\t\t\t\t\t<time class=\"published\" datetime=\"2023-03-07T23:00:35+00:00\">\n\t\t\t\t\t\tMart 7, 2023\t\t\t\t\t<\/time>\n\t\t\t\t\t<time class=\"updated\" datetime=\"2023-03-07T23:00:35+00:00\">\n\t\t\t\t\t\tMart 7, 2023\t\t\t\t\t<\/time>\n\t\t\t\t<\/a>\n\t\t\t<\/span>\n\t\t\n\t\t\n\t\t\n\t\t\t\t\t<\/div>\n\t\t<\/header>\n\n\t\t<div class=\"sow-entry-content\">\n\t\t\t<p><\/p>\t\t<\/div>\n\t<\/div>\n<\/article>\n\t\t\t\t\t\t\t<article id=\"post-846\" class=\"sow-masonry-item post-846 post type-post status-publish format-standard has-post-thumbnail hentry category-bugra category-turkuaz\">\n\t\t\t\t<div class=\"sow-entry-thumbnail\">\n\t\t\t\t\t\t\t\t<a href=\"http:\/\/www.turkuazokullari.com\/index.php\/2023\/02\/07\/simdi-birlik-zamani\/\">\n\t\t\t\t\t<img loading=\"lazy\" decoding=\"async\" width=\"750\" height=\"500\" src=\"http:\/\/www.turkuazokullari.com\/wp-content\/uploads\/2023\/02\/simdi-birlik-zamani.png\" class=\"attachment-post-thumbnail size-post-thumbnail wp-post-image\" alt=\"\" srcset=\"http:\/\/www.turkuazokullari.com\/wp-content\/uploads\/2023\/02\/simdi-birlik-zamani.png 750w, http:\/\/www.turkuazokullari.com\/wp-content\/uploads\/2023\/02\/simdi-birlik-zamani-300x200.png 300w, http:\/\/www.turkuazokullari.com\/wp-content\/uploads\/2023\/02\/simdi-birlik-zamani-720x480.png 720w, http:\/\/www.turkuazokullari.com\/wp-content\/uploads\/2023\/02\/simdi-birlik-zamani-272x182.png 272w\" sizes=\"(max-width: 750px) 100vw, 750px\" \/>\t\t\t\t<\/a>\n\t\t\t<\/div>\n\t\t\t\t<div class=\"sow-blog-content-wrapper\" style=\"padding: 25px 30px 33px;\">\n\t\t<header class=\"sow-entry-header\" style=\"margin-bottom: 20px;\">\n\t\t\t<h2 class=\"sow-entry-title\" style=\"margin: 0 0 5px;\"><a href=\"http:\/\/www.turkuazokullari.com\/index.php\/2023\/02\/07\/simdi-birlik-zamani\/\" rel=\"bookmark\">\u015eimdi Birlik Zaman\u0131<\/a><\/h2>\t\t\t<div class=\"sow-entry-meta\">\n\t\t\t\t\t\t\t<span class=\"sow-entry-date\">\n\t\t\t\t<a href=\"http:\/\/www.turkuazokullari.com\/index.php\/2023\/02\/07\/simdi-birlik-zamani\/\" rel=\"bookmark\">\n\t\t\t\t\t<time class=\"published\" datetime=\"2023-02-07T10:25:37+00:00\">\n\t\t\t\t\t\t\u015eubat 7, 2023\t\t\t\t\t<\/time>\n\t\t\t\t\t<time class=\"updated\" datetime=\"2023-02-07T10:26:32+00:00\">\n\t\t\t\t\t\t\u015eubat 7, 2023\t\t\t\t\t<\/time>\n\t\t\t\t<\/a>\n\t\t\t<\/span>\n\t\t\n\t\t\n\t\t\n\t\t\t\t\t<\/div>\n\t\t<\/header>\n\n\t\t<div class=\"sow-entry-content\">\n\t\t\t<p><\/p>\t\t<\/div>\n\t<\/div>\n<\/article>\n\t\t\t\t\t\t\t<article id=\"post-834\" class=\"sow-masonry-item post-834 post type-post status-publish format-standard has-post-thumbnail hentry category-bugra category-turkuaz\">\n\t\t\t\t<div class=\"sow-entry-thumbnail\">\n\t\t\t\t\t\t\t\t<a href=\"http:\/\/www.turkuazokullari.com\/index.php\/2023\/01\/04\/ocak-ayi-yemek-listesi\/\">\n\t\t\t\t\t<img loading=\"lazy\" decoding=\"async\" width=\"750\" height=\"500\" src=\"http:\/\/www.turkuazokullari.com\/wp-content\/uploads\/2022\/09\/ekim-ayi-yemek-listesi.png\" class=\"attachment-post-thumbnail size-post-thumbnail wp-post-image\" alt=\"\" srcset=\"http:\/\/www.turkuazokullari.com\/wp-content\/uploads\/2022\/09\/ekim-ayi-yemek-listesi.png 750w, http:\/\/www.turkuazokullari.com\/wp-content\/uploads\/2022\/09\/ekim-ayi-yemek-listesi-300x200.png 300w, http:\/\/www.turkuazokullari.com\/wp-content\/uploads\/2022\/09\/ekim-ayi-yemek-listesi-720x480.png 720w, http:\/\/www.turkuazokullari.com\/wp-content\/uploads\/2022\/09\/ekim-ayi-yemek-listesi-272x182.png 272w\" sizes=\"(max-width: 750px) 100vw, 750px\" \/>\t\t\t\t<\/a>\n\t\t\t<\/div>\n\t\t\t\t<div class=\"sow-blog-content-wrapper\" style=\"padding: 25px 30px 33px;\">\n\t\t<header class=\"sow-entry-header\" style=\"margin-bottom: 20px;\">\n\t\t\t<h2 class=\"sow-entry-title\" style=\"margin: 0 0 5px;\"><a href=\"http:\/\/www.turkuazokullari.com\/index.php\/2023\/01\/04\/ocak-ayi-yemek-listesi\/\" rel=\"bookmark\">Ocak Ay\u0131 Yemek Listesi<\/a><\/h2>\t\t\t<div class=\"sow-entry-meta\">\n\t\t\t\t\t\t\t<span class=\"sow-entry-date\">\n\t\t\t\t<a href=\"http:\/\/www.turkuazokullari.com\/index.php\/2023\/01\/04\/ocak-ayi-yemek-listesi\/\" rel=\"bookmark\">\n\t\t\t\t\t<time class=\"published\" datetime=\"2023-01-04T16:16:48+00:00\">\n\t\t\t\t\t\tOcak 4, 2023\t\t\t\t\t<\/time>\n\t\t\t\t\t<time class=\"updated\" datetime=\"2023-01-04T16:16:48+00:00\">\n\t\t\t\t\t\tOcak 4, 2023\t\t\t\t\t<\/time>\n\t\t\t\t<\/a>\n\t\t\t<\/span>\n\t\t\n\t\t\n\t\t\n\t\t\t\t\t<\/div>\n\t\t<\/header>\n\n\t\t<div class=\"sow-entry-content\">\n\t\t\t<p><\/p>\t\t<\/div>\n\t<\/div>\n<\/article>\n\t\t\t\t\t\t\t<article id=\"post-827\" class=\"sow-masonry-item post-827 post type-post status-publish format-standard has-post-thumbnail hentry category-turkuaz\">\n\t\t\t\t<div class=\"sow-entry-thumbnail\">\n\t\t\t\t\t\t\t\t<a href=\"http:\/\/www.turkuazokullari.com\/index.php\/2022\/12\/16\/turkuaz-teknoloji-koleji-muzik-dersinden-goruntuler\/\">\n\t\t\t\t\t<img loading=\"lazy\" decoding=\"async\" width=\"750\" height=\"500\" src=\"http:\/\/www.turkuazokullari.com\/wp-content\/uploads\/2022\/12\/Turkuaz-Teknoloji-Koleji-Muzik-Dersi.png\" class=\"attachment-post-thumbnail size-post-thumbnail wp-post-image\" alt=\"\" srcset=\"http:\/\/www.turkuazokullari.com\/wp-content\/uploads\/2022\/12\/Turkuaz-Teknoloji-Koleji-Muzik-Dersi.png 750w, http:\/\/www.turkuazokullari.com\/wp-content\/uploads\/2022\/12\/Turkuaz-Teknoloji-Koleji-Muzik-Dersi-300x200.png 300w, http:\/\/www.turkuazokullari.com\/wp-content\/uploads\/2022\/12\/Turkuaz-Teknoloji-Koleji-Muzik-Dersi-720x480.png 720w, http:\/\/www.turkuazokullari.com\/wp-content\/uploads\/2022\/12\/Turkuaz-Teknoloji-Koleji-Muzik-Dersi-272x182.png 272w\" sizes=\"(max-width: 750px) 100vw, 750px\" \/>\t\t\t\t<\/a>\n\t\t\t<\/div>\n\t\t\t\t<div class=\"sow-blog-content-wrapper\" style=\"padding: 25px 30px 33px;\">\n\t\t<header class=\"sow-entry-header\" style=\"margin-bottom: 20px;\">\n\t\t\t<h2 class=\"sow-entry-title\" style=\"margin: 0 0 5px;\"><a href=\"http:\/\/www.turkuazokullari.com\/index.php\/2022\/12\/16\/turkuaz-teknoloji-koleji-muzik-dersinden-goruntuler\/\" rel=\"bookmark\">Muzik Dersinden G\u00f6r\u00fcnt\u00fcler<\/a><\/h2>\t\t\t<div class=\"sow-entry-meta\">\n\t\t\t\t\t\t\t<span class=\"sow-entry-date\">\n\t\t\t\t<a href=\"http:\/\/www.turkuazokullari.com\/index.php\/2022\/12\/16\/turkuaz-teknoloji-koleji-muzik-dersinden-goruntuler\/\" rel=\"bookmark\">\n\t\t\t\t\t<time class=\"published\" datetime=\"2022-12-16T19:11:22+00:00\">\n\t\t\t\t\t\tAral\u0131k 16, 2022\t\t\t\t\t<\/time>\n\t\t\t\t\t<time class=\"updated\" datetime=\"2022-12-16T19:11:49+00:00\">\n\t\t\t\t\t\tAral\u0131k 16, 2022\t\t\t\t\t<\/time>\n\t\t\t\t<\/a>\n\t\t\t<\/span>\n\t\t\n\t\t\n\t\t\n\t\t\t\t\t<\/div>\n\t\t<\/header>\n\n\t\t<div class=\"sow-entry-content\">\n\t\t\t<p><\/p>\t\t<\/div>\n\t<\/div>\n<\/article>\n\t\t\t\t\t\t\t<article id=\"post-811\" class=\"sow-masonry-item post-811 post type-post status-publish format-standard has-post-thumbnail hentry category-bugra\">\n\t\t\t\t<div class=\"sow-entry-thumbnail\">\n\t\t\t\t\t\t\t\t<a href=\"http:\/\/www.turkuazokullari.com\/index.php\/2022\/12\/13\/bugra-anadolu-saglik-lisesi-acil-ve-ilk-yardim-egitimi\/\">\n\t\t\t\t\t<img loading=\"lazy\" decoding=\"async\" width=\"750\" height=\"500\" src=\"http:\/\/www.turkuazokullari.com\/wp-content\/uploads\/2022\/12\/Bugra-Anadolu-Saglik-Lisesi-Bugra-Acil-ve-Ilk-Yardim-Egitimi.png\" class=\"attachment-post-thumbnail size-post-thumbnail wp-post-image\" alt=\"\" srcset=\"http:\/\/www.turkuazokullari.com\/wp-content\/uploads\/2022\/12\/Bugra-Anadolu-Saglik-Lisesi-Bugra-Acil-ve-Ilk-Yardim-Egitimi.png 750w, http:\/\/www.turkuazokullari.com\/wp-content\/uploads\/2022\/12\/Bugra-Anadolu-Saglik-Lisesi-Bugra-Acil-ve-Ilk-Yardim-Egitimi-300x200.png 300w, http:\/\/www.turkuazokullari.com\/wp-content\/uploads\/2022\/12\/Bugra-Anadolu-Saglik-Lisesi-Bugra-Acil-ve-Ilk-Yardim-Egitimi-720x480.png 720w, http:\/\/www.turkuazokullari.com\/wp-content\/uploads\/2022\/12\/Bugra-Anadolu-Saglik-Lisesi-Bugra-Acil-ve-Ilk-Yardim-Egitimi-272x182.png 272w\" sizes=\"(max-width: 750px) 100vw, 750px\" \/>\t\t\t\t<\/a>\n\t\t\t<\/div>\n\t\t\t\t<div class=\"sow-blog-content-wrapper\" style=\"padding: 25px 30px 33px;\">\n\t\t<header class=\"sow-entry-header\" style=\"margin-bottom: 20px;\">\n\t\t\t<h2 class=\"sow-entry-title\" style=\"margin: 0 0 5px;\"><a href=\"http:\/\/www.turkuazokullari.com\/index.php\/2022\/12\/13\/bugra-anadolu-saglik-lisesi-acil-ve-ilk-yardim-egitimi\/\" rel=\"bookmark\">Acil ve \u0130lk Yard\u0131m E\u011fitimi<\/a><\/h2>\t\t\t<div class=\"sow-entry-meta\">\n\t\t\t\t\t\t\t<span class=\"sow-entry-date\">\n\t\t\t\t<a href=\"http:\/\/www.turkuazokullari.com\/index.php\/2022\/12\/13\/bugra-anadolu-saglik-lisesi-acil-ve-ilk-yardim-egitimi\/\" rel=\"bookmark\">\n\t\t\t\t\t<time class=\"published\" datetime=\"2022-12-13T12:52:42+00:00\">\n\t\t\t\t\t\tAral\u0131k 13, 2022\t\t\t\t\t<\/time>\n\t\t\t\t\t<time class=\"updated\" datetime=\"2022-12-13T12:54:44+00:00\">\n\t\t\t\t\t\tAral\u0131k 13, 2022\t\t\t\t\t<\/time>\n\t\t\t\t<\/a>\n\t\t\t<\/span>\n\t\t\n\t\t\n\t\t\n\t\t\t\t\t<\/div>\n\t\t<\/header>\n\n\t\t<div class=\"sow-entry-content\">\n\t\t\t<p>\u2757Acil yard\u0131m ve ilk yard\u0131m\u0131 ay\u0131rt eder.\u2757Yeti\u015fkinde ,\u00e7ocukta ve bebekte...<\/p>\t\t<\/div>\n\t<\/div>\n<\/article>\n\t\t\t\t\t\t\t<article id=\"post-801\" class=\"sow-masonry-item post-801 post type-post status-publish format-standard has-post-thumbnail hentry category-bugra\">\n\t\t\t\t<div class=\"sow-entry-thumbnail\">\n\t\t\t\t\t\t\t\t<a href=\"http:\/\/www.turkuazokullari.com\/index.php\/2022\/12\/11\/fusion-360-autodesk-kursundan-goruntuler\/\">\n\t\t\t\t\t<img loading=\"lazy\" decoding=\"async\" width=\"750\" height=\"500\" src=\"http:\/\/www.turkuazokullari.com\/wp-content\/uploads\/2022\/12\/Turkuaz-Fusion-360-Autodesk-Kursu.png\" class=\"attachment-post-thumbnail size-post-thumbnail wp-post-image\" alt=\"\" srcset=\"http:\/\/www.turkuazokullari.com\/wp-content\/uploads\/2022\/12\/Turkuaz-Fusion-360-Autodesk-Kursu.png 750w, http:\/\/www.turkuazokullari.com\/wp-content\/uploads\/2022\/12\/Turkuaz-Fusion-360-Autodesk-Kursu-300x200.png 300w, http:\/\/www.turkuazokullari.com\/wp-content\/uploads\/2022\/12\/Turkuaz-Fusion-360-Autodesk-Kursu-720x480.png 720w, http:\/\/www.turkuazokullari.com\/wp-content\/uploads\/2022\/12\/Turkuaz-Fusion-360-Autodesk-Kursu-272x182.png 272w\" sizes=\"(max-width: 750px) 100vw, 750px\" \/>\t\t\t\t<\/a>\n\t\t\t<\/div>\n\t\t\t\t<div class=\"sow-blog-content-wrapper\" style=\"padding: 25px 30px 33px;\">\n\t\t<header class=\"sow-entry-header\" style=\"margin-bottom: 20px;\">\n\t\t\t<h2 class=\"sow-entry-title\" style=\"margin: 0 0 5px;\"><a href=\"http:\/\/www.turkuazokullari.com\/index.php\/2022\/12\/11\/fusion-360-autodesk-kursundan-goruntuler\/\" rel=\"bookmark\">Fusion 360 Autodesk Kursundan G\u00f6r\u00fcnt\u00fcler<\/a><\/h2>\t\t\t<div class=\"sow-entry-meta\">\n\t\t\t\t\t\t\t<span class=\"sow-entry-date\">\n\t\t\t\t<a href=\"http:\/\/www.turkuazokullari.com\/index.php\/2022\/12\/11\/fusion-360-autodesk-kursundan-goruntuler\/\" rel=\"bookmark\">\n\t\t\t\t\t<time class=\"published\" datetime=\"2022-12-11T20:26:47+00:00\">\n\t\t\t\t\t\tAral\u0131k 11, 2022\t\t\t\t\t<\/time>\n\t\t\t\t\t<time class=\"updated\" datetime=\"2022-12-11T20:26:47+00:00\">\n\t\t\t\t\t\tAral\u0131k 11, 2022\t\t\t\t\t<\/time>\n\t\t\t\t<\/a>\n\t\t\t<\/span>\n\t\t\n\t\t\n\t\t\n\t\t\t\t\t<\/div>\n\t\t<\/header>\n\n\t\t<div class=\"sow-entry-content\">\n\t\t\t<p><\/p>\t\t<\/div>\n\t<\/div>\n<\/article>\n\t\t\t\t\t\t\t<article id=\"post-788\" class=\"sow-masonry-item post-788 post type-post status-publish format-standard has-post-thumbnail hentry category-bugra\">\n\t\t\t\t<div class=\"sow-entry-thumbnail\">\n\t\t\t\t\t\t\t\t<a href=\"http:\/\/www.turkuazokullari.com\/index.php\/2022\/12\/09\/bugra-anadolu-saglik-lisesi-siniflar-arasi-voleybol-turnuvasi\/\">\n\t\t\t\t\t<img loading=\"lazy\" decoding=\"async\" width=\"750\" height=\"500\" src=\"http:\/\/www.turkuazokullari.com\/wp-content\/uploads\/2022\/12\/Bugra-Anadolu-Saglik-Lisesi-Siniflar-Arasi-Voleybol-Turnuvasi.png\" class=\"attachment-post-thumbnail size-post-thumbnail wp-post-image\" alt=\"\" srcset=\"http:\/\/www.turkuazokullari.com\/wp-content\/uploads\/2022\/12\/Bugra-Anadolu-Saglik-Lisesi-Siniflar-Arasi-Voleybol-Turnuvasi.png 750w, http:\/\/www.turkuazokullari.com\/wp-content\/uploads\/2022\/12\/Bugra-Anadolu-Saglik-Lisesi-Siniflar-Arasi-Voleybol-Turnuvasi-300x200.png 300w, http:\/\/www.turkuazokullari.com\/wp-content\/uploads\/2022\/12\/Bugra-Anadolu-Saglik-Lisesi-Siniflar-Arasi-Voleybol-Turnuvasi-720x480.png 720w, http:\/\/www.turkuazokullari.com\/wp-content\/uploads\/2022\/12\/Bugra-Anadolu-Saglik-Lisesi-Siniflar-Arasi-Voleybol-Turnuvasi-272x182.png 272w\" sizes=\"(max-width: 750px) 100vw, 750px\" \/>\t\t\t\t<\/a>\n\t\t\t<\/div>\n\t\t\t\t<div class=\"sow-blog-content-wrapper\" style=\"padding: 25px 30px 33px;\">\n\t\t<header class=\"sow-entry-header\" style=\"margin-bottom: 20px;\">\n\t\t\t<h2 class=\"sow-entry-title\" style=\"margin: 0 0 5px;\"><a href=\"http:\/\/www.turkuazokullari.com\/index.php\/2022\/12\/09\/bugra-anadolu-saglik-lisesi-siniflar-arasi-voleybol-turnuvasi\/\" rel=\"bookmark\">Bu\u011fra Anadolu Sa\u011fl\u0131k Lisesi S\u0131n\u0131flar Arasi Voleybol Turnuvas\u0131<\/a><\/h2>\t\t\t<div class=\"sow-entry-meta\">\n\t\t\t\t\t\t\t<span class=\"sow-entry-date\">\n\t\t\t\t<a href=\"http:\/\/www.turkuazokullari.com\/index.php\/2022\/12\/09\/bugra-anadolu-saglik-lisesi-siniflar-arasi-voleybol-turnuvasi\/\" rel=\"bookmark\">\n\t\t\t\t\t<time class=\"published\" datetime=\"2022-12-09T20:55:19+00:00\">\n\t\t\t\t\t\tAral\u0131k 9, 2022\t\t\t\t\t<\/time>\n\t\t\t\t\t<time class=\"updated\" datetime=\"2022-12-09T21:03:47+00:00\">\n\t\t\t\t\t\tAral\u0131k 9, 2022\t\t\t\t\t<\/time>\n\t\t\t\t<\/a>\n\t\t\t<\/span>\n\t\t\n\t\t\n\t\t\n\t\t\t\t\t<\/div>\n\t\t<\/header>\n\n\t\t<div class=\"sow-entry-content\">\n\t\t\t<p><\/p>\t\t<\/div>\n\t<\/div>\n<\/article>\n\t\t\t\t\t\t\t<article id=\"post-745\" class=\"sow-masonry-item post-745 post type-post status-publish format-standard has-post-thumbnail hentry category-bugra\">\n\t\t\t\t<div class=\"sow-entry-thumbnail\">\n\t\t\t\t\t\t\t\t<a href=\"http:\/\/www.turkuazokullari.com\/index.php\/2022\/12\/09\/bugra-anadolu-saglik-lisesi-uygulamali-egitim-derslerinden-goruntuler\/\">\n\t\t\t\t\t<img loading=\"lazy\" decoding=\"async\" width=\"750\" height=\"500\" src=\"http:\/\/www.turkuazokullari.com\/wp-content\/uploads\/2022\/12\/Bugra-Anadolu-Saglik-Lisesi-Uygulamali-Egitim-Dersleri.png\" class=\"attachment-post-thumbnail size-post-thumbnail wp-post-image\" alt=\"\" srcset=\"http:\/\/www.turkuazokullari.com\/wp-content\/uploads\/2022\/12\/Bugra-Anadolu-Saglik-Lisesi-Uygulamali-Egitim-Dersleri.png 750w, http:\/\/www.turkuazokullari.com\/wp-content\/uploads\/2022\/12\/Bugra-Anadolu-Saglik-Lisesi-Uygulamali-Egitim-Dersleri-300x200.png 300w, http:\/\/www.turkuazokullari.com\/wp-content\/uploads\/2022\/12\/Bugra-Anadolu-Saglik-Lisesi-Uygulamali-Egitim-Dersleri-720x480.png 720w, http:\/\/www.turkuazokullari.com\/wp-content\/uploads\/2022\/12\/Bugra-Anadolu-Saglik-Lisesi-Uygulamali-Egitim-Dersleri-272x182.png 272w\" sizes=\"(max-width: 750px) 100vw, 750px\" \/>\t\t\t\t<\/a>\n\t\t\t<\/div>\n\t\t\t\t<div class=\"sow-blog-content-wrapper\" style=\"padding: 25px 30px 33px;\">\n\t\t<header class=\"sow-entry-header\" style=\"margin-bottom: 20px;\">\n\t\t\t<h2 class=\"sow-entry-title\" style=\"margin: 0 0 5px;\"><a href=\"http:\/\/www.turkuazokullari.com\/index.php\/2022\/12\/09\/bugra-anadolu-saglik-lisesi-uygulamali-egitim-derslerinden-goruntuler\/\" rel=\"bookmark\">Uygulamal\u0131 E\u011fitim Derslerinden G\u00f6r\u00fcnt\u00fcler<\/a><\/h2>\t\t\t<div class=\"sow-entry-meta\">\n\t\t\t\t\t\t\t<span class=\"sow-entry-date\">\n\t\t\t\t<a href=\"http:\/\/www.turkuazokullari.com\/index.php\/2022\/12\/09\/bugra-anadolu-saglik-lisesi-uygulamali-egitim-derslerinden-goruntuler\/\" rel=\"bookmark\">\n\t\t\t\t\t<time class=\"published\" datetime=\"2022-12-09T20:31:44+00:00\">\n\t\t\t\t\t\tAral\u0131k 9, 2022\t\t\t\t\t<\/time>\n\t\t\t\t\t<time class=\"updated\" datetime=\"2022-12-09T20:47:06+00:00\">\n\t\t\t\t\t\tAral\u0131k 9, 2022\t\t\t\t\t<\/time>\n\t\t\t\t<\/a>\n\t\t\t<\/span>\n\t\t\n\t\t\n\t\t\n\t\t\t\t\t<\/div>\n\t\t<\/header>\n\n\t\t<div class=\"sow-entry-content\">\n\t\t\t<p>&nbsp;<\/p>\t\t<\/div>\n\t<\/div>\n<\/article>\n\t\t\t\t\t\t\t<article id=\"post-726\" class=\"sow-masonry-item post-726 post type-post status-publish format-standard has-post-thumbnail hentry category-bugra\">\n\t\t\t\t<div class=\"sow-entry-thumbnail\">\n\t\t\t\t\t\t\t\t<a href=\"http:\/\/www.turkuazokullari.com\/index.php\/2022\/12\/09\/bugra-anadolu-saglik-lisesi-stajdan-goruntuler\/\">\n\t\t\t\t\t<img loading=\"lazy\" decoding=\"async\" width=\"750\" height=\"500\" src=\"http:\/\/www.turkuazokullari.com\/wp-content\/uploads\/2022\/12\/Bugra-Anadolu-Saglik-Lisesi-Staj-1.png\" class=\"attachment-post-thumbnail size-post-thumbnail wp-post-image\" alt=\"\" srcset=\"http:\/\/www.turkuazokullari.com\/wp-content\/uploads\/2022\/12\/Bugra-Anadolu-Saglik-Lisesi-Staj-1.png 750w, http:\/\/www.turkuazokullari.com\/wp-content\/uploads\/2022\/12\/Bugra-Anadolu-Saglik-Lisesi-Staj-1-300x200.png 300w, http:\/\/www.turkuazokullari.com\/wp-content\/uploads\/2022\/12\/Bugra-Anadolu-Saglik-Lisesi-Staj-1-720x480.png 720w, http:\/\/www.turkuazokullari.com\/wp-content\/uploads\/2022\/12\/Bugra-Anadolu-Saglik-Lisesi-Staj-1-272x182.png 272w\" sizes=\"(max-width: 750px) 100vw, 750px\" \/>\t\t\t\t<\/a>\n\t\t\t<\/div>\n\t\t\t\t<div class=\"sow-blog-content-wrapper\" style=\"padding: 25px 30px 33px;\">\n\t\t<header class=\"sow-entry-header\" style=\"margin-bottom: 20px;\">\n\t\t\t<h2 class=\"sow-entry-title\" style=\"margin: 0 0 5px;\"><a href=\"http:\/\/www.turkuazokullari.com\/index.php\/2022\/12\/09\/bugra-anadolu-saglik-lisesi-stajdan-goruntuler\/\" rel=\"bookmark\">Bugra Anadolu Saglik Lisesi Stajdan G\u00f6r\u00fcnt\u00fcler<\/a><\/h2>\t\t\t<div class=\"sow-entry-meta\">\n\t\t\t\t\t\t\t<span class=\"sow-entry-date\">\n\t\t\t\t<a href=\"http:\/\/www.turkuazokullari.com\/index.php\/2022\/12\/09\/bugra-anadolu-saglik-lisesi-stajdan-goruntuler\/\" rel=\"bookmark\">\n\t\t\t\t\t<time class=\"published\" datetime=\"2022-12-09T20:04:05+00:00\">\n\t\t\t\t\t\tAral\u0131k 9, 2022\t\t\t\t\t<\/time>\n\t\t\t\t\t<time class=\"updated\" datetime=\"2022-12-09T20:16:58+00:00\">\n\t\t\t\t\t\tAral\u0131k 9, 2022\t\t\t\t\t<\/time>\n\t\t\t\t<\/a>\n\t\t\t<\/span>\n\t\t\n\t\t\n\t\t\n\t\t\t\t\t<\/div>\n\t\t<\/header>\n\n\t\t<div class=\"sow-entry-content\">\n\t\t\t<p><\/p>\t\t<\/div>\n\t<\/div>\n<\/article>\n\t\t\t\t\t<\/div>\n\t\t\t\t\t<nav class=\"sow-post-navigation\">\n\t\t\t\t<h2 class=\"screen-reader-text\">Post navigation<\/h2>\n\t\t\t\t<div class=\"sow-nav-links\">\n\t\t\t\t\t<span aria-current=\"page\" class=\"page-numbers current\">1<\/span>\n<a class=\"page-numbers\" href=\"http:\/\/www.turkuazokullari.com\/index.php\/wp-json\/wp\/v2\/pages\/143\/?sow-70586=2\">2<\/a>\n<a class=\"next page-numbers\" href=\"http:\/\/www.turkuazokullari.com\/index.php\/wp-json\/wp\/v2\/pages\/143\/?sow-70586=2\">&rarr;<\/a>\t\t\t\t<\/div>\n\t\t\t<\/nav>\n\t\t\t\t\t\t<\/div>\n\t<\/div><\/div><\/div><\/div><\/div>","protected":false},"excerpt":{"rendered":"","protected":false},"author":1,"featured_media":0,"parent":0,"menu_order":0,"comment_status":"closed","ping_status":"closed","template":"","meta":{"footnotes":""},"class_list":["post-143","page","type-page","status-publish","hentry","post"],"_links":{"self":[{"href":"http:\/\/www.turkuazokullari.com\/index.php\/wp-json\/wp\/v2\/pages\/143"}],"collection":[{"href":"http:\/\/www.turkuazokullari.com\/index.php\/wp-json\/wp\/v2\/pages"}],"about":[{"href":"http:\/\/www.turkuazokullari.com\/index.php\/wp-json\/wp\/v2\/types\/page"}],"author":[{"embeddable":true,"href":"http:\/\/www.turkuazokullari.com\/index.php\/wp-json\/wp\/v2\/users\/1"}],"replies":[{"embeddable":true,"href":"http:\/\/www.turkuazokullari.com\/index.php\/wp-json\/wp\/v2\/comments?post=143"}],"version-history":[{"count":32,"href":"http:\/\/www.turkuazokullari.com\/index.php\/wp-json\/wp\/v2\/pages\/143\/revisions"}],"predecessor-version":[{"id":431,"href":"http:\/\/www.turkuazokullari.com\/index.php\/wp-json\/wp\/v2\/pages\/143\/revisions\/431"}],"wp:attachment":[{"href":"http:\/\/www.turkuazokullari.com\/index.php\/wp-json\/wp\/v2\/media?parent=143"}],"curies":[{"name":"wp","href":"https:\/\/api.w.org\/{rel}","templated":true}]}}