{"id":140,"date":"2022-09-17T17:32:27","date_gmt":"2022-09-17T17:32:27","guid":{"rendered":"http:\/\/www.turkuazokullari.com\/?page_id=140"},"modified":"2022-10-11T15:36:33","modified_gmt":"2022-10-11T15:36:33","slug":"turkuaz-teknoloji-koleji-kadromuz","status":"publish","type":"page","link":"http:\/\/www.turkuazokullari.com\/index.php\/turkuaz-teknoloji-koleji-kadromuz\/","title":{"rendered":"Kadromuz"},"content":{"rendered":"<div id=\"pl-140\"  class=\"panel-layout\" ><div id=\"pg-140-0\"  class=\"panel-grid panel-has-style\" ><div class=\"siteorigin-panels-stretch panel-row-style panel-row-style-for-140-0\" data-stretch-type=\"full\" ><div id=\"pgc-140-0-0\"  class=\"panel-grid-cell\" ><div id=\"panel-140-0-0-0\" class=\"so-panel widget widget_sow-editor panel-first-child panel-last-child\" data-index=\"0\" ><div\n\t\t\t\n\t\t\tclass=\"so-widget-sow-editor so-widget-sow-editor-base\"\n\t\t\t\n\t\t>\n<div class=\"siteorigin-widget-tinymce textwidget\">\n\t<p style=\"text-align: center;\"><img loading=\"lazy\" decoding=\"async\" class=\"aligncenter wp-image-565\" src=\"http:\/\/www.turkuazokullari.com\/wp-content\/uploads\/2022\/10\/mudur-2.png\" alt=\"\" width=\"180\" height=\"180\" srcset=\"http:\/\/www.turkuazokullari.com\/wp-content\/uploads\/2022\/10\/mudur-2.png 500w, http:\/\/www.turkuazokullari.com\/wp-content\/uploads\/2022\/10\/mudur-2-300x300.png 300w, http:\/\/www.turkuazokullari.com\/wp-content\/uploads\/2022\/10\/mudur-2-150x150.png 150w, http:\/\/www.turkuazokullari.com\/wp-content\/uploads\/2022\/10\/mudur-2-375x375.png 375w\" sizes=\"(max-width: 180px) 100vw, 180px\" \/><span style=\"font-size: 12pt;\"><strong>Selcuk SOLHAN<\/strong><\/span><br \/>\nOKUL M\u00dcD\u00dcR\u00dc<\/p>\n<\/div>\n<\/div><\/div><\/div><\/div><\/div><div id=\"pg-140-1\"  class=\"panel-grid panel-has-style\" ><div class=\"siteorigin-panels-stretch panel-row-style panel-row-style-for-140-1\" data-stretch-type=\"full\" ><div id=\"pgc-140-1-0\"  class=\"panel-grid-cell\" ><div id=\"panel-140-1-0-0\" class=\"so-panel widget widget_sow-editor panel-first-child panel-last-child\" data-index=\"1\" ><div\n\t\t\t\n\t\t\tclass=\"so-widget-sow-editor so-widget-sow-editor-base\"\n\t\t\t\n\t\t>\n<div class=\"siteorigin-widget-tinymce textwidget\">\n\t<p style=\"text-align: center;\"><img loading=\"lazy\" decoding=\"async\" class=\"alignnone wp-image-575\" src=\"http:\/\/www.turkuazokullari.com\/wp-content\/uploads\/2022\/10\/erkek-ogretmen.png\" alt=\"\" width=\"180\" height=\"180\" srcset=\"http:\/\/www.turkuazokullari.com\/wp-content\/uploads\/2022\/10\/erkek-ogretmen.png 500w, http:\/\/www.turkuazokullari.com\/wp-content\/uploads\/2022\/10\/erkek-ogretmen-300x300.png 300w, http:\/\/www.turkuazokullari.com\/wp-content\/uploads\/2022\/10\/erkek-ogretmen-150x150.png 150w, http:\/\/www.turkuazokullari.com\/wp-content\/uploads\/2022\/10\/erkek-ogretmen-375x375.png 375w\" sizes=\"(max-width: 180px) 100vw, 180px\" \/><span style=\"font-size: 14pt;\"><strong><br \/>\n<span style=\"font-size: 12pt;\">Mehmet Emin SARIKAYA<\/span><\/strong><\/span><br \/>\nRehber \u00d6\u011fretmen<\/p>\n<\/div>\n<\/div><\/div><\/div><div id=\"pgc-140-1-1\"  class=\"panel-grid-cell\" ><div id=\"panel-140-1-1-0\" class=\"so-panel widget widget_sow-editor panel-first-child panel-last-child\" data-index=\"2\" ><div\n\t\t\t\n\t\t\tclass=\"so-widget-sow-editor so-widget-sow-editor-base\"\n\t\t\t\n\t\t>\n<div class=\"siteorigin-widget-tinymce textwidget\">\n\t<p style=\"text-align: center;\"><img loading=\"lazy\" decoding=\"async\" class=\"alignnone wp-image-568\" src=\"http:\/\/www.turkuazokullari.com\/wp-content\/uploads\/2022\/10\/kadin-ogretmen-1.png\" alt=\"\" width=\"180\" height=\"180\" srcset=\"http:\/\/www.turkuazokullari.com\/wp-content\/uploads\/2022\/10\/kadin-ogretmen-1.png 500w, http:\/\/www.turkuazokullari.com\/wp-content\/uploads\/2022\/10\/kadin-ogretmen-1-300x300.png 300w, http:\/\/www.turkuazokullari.com\/wp-content\/uploads\/2022\/10\/kadin-ogretmen-1-150x150.png 150w, http:\/\/www.turkuazokullari.com\/wp-content\/uploads\/2022\/10\/kadin-ogretmen-1-375x375.png 375w\" sizes=\"(max-width: 180px) 100vw, 180px\" \/><span style=\"font-size: 14pt;\"><strong><br \/>\n<span style=\"font-size: 12pt;\">\u00c7i\u011fdem KARAG\u00d6Z<\/span><\/strong><\/span><br \/>\nE\u011fitim Dan\u0131\u015fman\u0131<\/p>\n<\/div>\n<\/div><\/div><\/div><\/div><\/div><div id=\"pg-140-2\"  class=\"panel-grid panel-has-style\" ><div class=\"siteorigin-panels-stretch panel-row-style panel-row-style-for-140-2\" data-stretch-type=\"full\" ><div id=\"pgc-140-2-0\"  class=\"panel-grid-cell\" ><div id=\"panel-140-2-0-0\" class=\"so-panel widget widget_sow-editor panel-first-child\" data-index=\"3\" ><div\n\t\t\t\n\t\t\tclass=\"so-widget-sow-editor so-widget-sow-editor-base\"\n\t\t\t\n\t\t>\n<div class=\"siteorigin-widget-tinymce textwidget\">\n\t<p style=\"text-align: center;\"><img loading=\"lazy\" decoding=\"async\" class=\"alignnone wp-image-568\" src=\"http:\/\/www.turkuazokullari.com\/wp-content\/uploads\/2022\/10\/kadin-ogretmen-1.png\" alt=\"\" width=\"180\" height=\"180\" srcset=\"http:\/\/www.turkuazokullari.com\/wp-content\/uploads\/2022\/10\/kadin-ogretmen-1.png 500w, http:\/\/www.turkuazokullari.com\/wp-content\/uploads\/2022\/10\/kadin-ogretmen-1-300x300.png 300w, http:\/\/www.turkuazokullari.com\/wp-content\/uploads\/2022\/10\/kadin-ogretmen-1-150x150.png 150w, http:\/\/www.turkuazokullari.com\/wp-content\/uploads\/2022\/10\/kadin-ogretmen-1-375x375.png 375w\" sizes=\"(max-width: 180px) 100vw, 180px\" \/><span style=\"font-size: 14pt;\"><strong><br \/>\n<span style=\"font-size: 12pt;\">Derya DUMLU<\/span><\/strong><\/span><br \/>\nEnd\u00fcstriyel \u00dcr\u00fcnler Tasar\u0131m\u0131 \u00d6\u011frt.<\/p>\n<\/div>\n<\/div><\/div><div id=\"panel-140-2-0-1\" class=\"so-panel widget widget_sow-editor\" data-index=\"4\" ><div\n\t\t\t\n\t\t\tclass=\"so-widget-sow-editor so-widget-sow-editor-base\"\n\t\t\t\n\t\t>\n<div class=\"siteorigin-widget-tinymce textwidget\">\n\t<p style=\"text-align: center;\"><img loading=\"lazy\" decoding=\"async\" class=\"alignnone wp-image-568\" src=\"http:\/\/www.turkuazokullari.com\/wp-content\/uploads\/2022\/10\/kadin-ogretmen-1.png\" alt=\"\" width=\"180\" height=\"180\" srcset=\"http:\/\/www.turkuazokullari.com\/wp-content\/uploads\/2022\/10\/kadin-ogretmen-1.png 500w, http:\/\/www.turkuazokullari.com\/wp-content\/uploads\/2022\/10\/kadin-ogretmen-1-300x300.png 300w, http:\/\/www.turkuazokullari.com\/wp-content\/uploads\/2022\/10\/kadin-ogretmen-1-150x150.png 150w, http:\/\/www.turkuazokullari.com\/wp-content\/uploads\/2022\/10\/kadin-ogretmen-1-375x375.png 375w\" sizes=\"(max-width: 180px) 100vw, 180px\" \/><span style=\"font-size: 14pt;\"><strong><br \/>\n<span style=\"font-size: 12pt;\">Fulya ALPAY<\/span><\/strong><\/span><br \/>\nT\u00fcrk Dili ve Edebiyat\u0131 \u00d6\u011frt.<\/p>\n<\/div>\n<\/div><\/div><div id=\"panel-140-2-0-2\" class=\"so-panel widget widget_sow-editor\" data-index=\"5\" ><div\n\t\t\t\n\t\t\tclass=\"so-widget-sow-editor so-widget-sow-editor-base\"\n\t\t\t\n\t\t>\n<div class=\"siteorigin-widget-tinymce textwidget\">\n\t<p style=\"text-align: center;\"><img loading=\"lazy\" decoding=\"async\" class=\"alignnone wp-image-568\" src=\"http:\/\/www.turkuazokullari.com\/wp-content\/uploads\/2022\/10\/kadin-ogretmen-1.png\" alt=\"\" width=\"180\" height=\"180\" srcset=\"http:\/\/www.turkuazokullari.com\/wp-content\/uploads\/2022\/10\/kadin-ogretmen-1.png 500w, http:\/\/www.turkuazokullari.com\/wp-content\/uploads\/2022\/10\/kadin-ogretmen-1-300x300.png 300w, http:\/\/www.turkuazokullari.com\/wp-content\/uploads\/2022\/10\/kadin-ogretmen-1-150x150.png 150w, http:\/\/www.turkuazokullari.com\/wp-content\/uploads\/2022\/10\/kadin-ogretmen-1-375x375.png 375w\" sizes=\"(max-width: 180px) 100vw, 180px\" \/><span style=\"font-size: 14pt;\"><strong><br \/>\n<span style=\"font-size: 12pt;\">Burcu Ceren AYAZ<\/span><\/strong><\/span><br \/>\nBiyoloji \u00d6\u011frt.<\/p>\n<\/div>\n<\/div><\/div><div id=\"panel-140-2-0-3\" class=\"so-panel widget widget_sow-editor panel-last-child\" data-index=\"6\" ><div\n\t\t\t\n\t\t\tclass=\"so-widget-sow-editor so-widget-sow-editor-base\"\n\t\t\t\n\t\t>\n<div class=\"siteorigin-widget-tinymce textwidget\">\n\t<p style=\"text-align: center;\"><img loading=\"lazy\" decoding=\"async\" class=\"alignnone wp-image-575\" src=\"http:\/\/www.turkuazokullari.com\/wp-content\/uploads\/2022\/10\/erkek-ogretmen.png\" alt=\"\" width=\"180\" height=\"180\" srcset=\"http:\/\/www.turkuazokullari.com\/wp-content\/uploads\/2022\/10\/erkek-ogretmen.png 500w, http:\/\/www.turkuazokullari.com\/wp-content\/uploads\/2022\/10\/erkek-ogretmen-300x300.png 300w, http:\/\/www.turkuazokullari.com\/wp-content\/uploads\/2022\/10\/erkek-ogretmen-150x150.png 150w, http:\/\/www.turkuazokullari.com\/wp-content\/uploads\/2022\/10\/erkek-ogretmen-375x375.png 375w\" sizes=\"(max-width: 180px) 100vw, 180px\" \/><span style=\"font-size: 14pt;\"><strong><br \/>\n<span style=\"font-size: 12pt;\">\u015e\u00fckr\u00fc Can HIZARCI<\/span><\/strong><\/span><br \/>\nBeden E\u011fitimi \u00d6\u011frt.<\/p>\n<\/div>\n<\/div><\/div><\/div><div id=\"pgc-140-2-1\"  class=\"panel-grid-cell\" ><div id=\"panel-140-2-1-0\" class=\"so-panel widget widget_sow-editor panel-first-child\" data-index=\"7\" ><div\n\t\t\t\n\t\t\tclass=\"so-widget-sow-editor so-widget-sow-editor-base\"\n\t\t\t\n\t\t>\n<div class=\"siteorigin-widget-tinymce textwidget\">\n\t<p style=\"text-align: center;\"><img loading=\"lazy\" decoding=\"async\" class=\"alignnone wp-image-568\" src=\"http:\/\/www.turkuazokullari.com\/wp-content\/uploads\/2022\/10\/kadin-ogretmen-1.png\" alt=\"\" width=\"180\" height=\"180\" srcset=\"http:\/\/www.turkuazokullari.com\/wp-content\/uploads\/2022\/10\/kadin-ogretmen-1.png 500w, http:\/\/www.turkuazokullari.com\/wp-content\/uploads\/2022\/10\/kadin-ogretmen-1-300x300.png 300w, http:\/\/www.turkuazokullari.com\/wp-content\/uploads\/2022\/10\/kadin-ogretmen-1-150x150.png 150w, http:\/\/www.turkuazokullari.com\/wp-content\/uploads\/2022\/10\/kadin-ogretmen-1-375x375.png 375w\" sizes=\"(max-width: 180px) 100vw, 180px\" \/><span style=\"font-size: 14pt;\"><strong><br \/>\n<span style=\"font-size: 12pt;\">Melike MERCAN<\/span><\/strong><\/span><br \/>\nEnd\u00fcstriyel \u00dcr\u00fcnler Tasar\u0131m\u0131 \u00d6\u011frt.<\/p>\n<\/div>\n<\/div><\/div><div id=\"panel-140-2-1-1\" class=\"so-panel widget widget_sow-editor\" data-index=\"8\" ><div\n\t\t\t\n\t\t\tclass=\"so-widget-sow-editor so-widget-sow-editor-base\"\n\t\t\t\n\t\t>\n<div class=\"siteorigin-widget-tinymce textwidget\">\n\t<p style=\"text-align: center;\"><img loading=\"lazy\" decoding=\"async\" class=\"alignnone wp-image-568\" src=\"http:\/\/www.turkuazokullari.com\/wp-content\/uploads\/2022\/10\/kadin-ogretmen-1.png\" alt=\"\" width=\"180\" height=\"180\" srcset=\"http:\/\/www.turkuazokullari.com\/wp-content\/uploads\/2022\/10\/kadin-ogretmen-1.png 500w, http:\/\/www.turkuazokullari.com\/wp-content\/uploads\/2022\/10\/kadin-ogretmen-1-300x300.png 300w, http:\/\/www.turkuazokullari.com\/wp-content\/uploads\/2022\/10\/kadin-ogretmen-1-150x150.png 150w, http:\/\/www.turkuazokullari.com\/wp-content\/uploads\/2022\/10\/kadin-ogretmen-1-375x375.png 375w\" sizes=\"(max-width: 180px) 100vw, 180px\" \/><span style=\"font-size: 14pt;\"><strong><br \/>\n<span style=\"font-size: 12pt;\">Merve TEKEREK<\/span><\/strong><\/span><br \/>\nMatematik \u00d6\u011frt.<\/p>\n<\/div>\n<\/div><\/div><div id=\"panel-140-2-1-2\" class=\"so-panel widget widget_sow-editor\" data-index=\"9\" ><div\n\t\t\t\n\t\t\tclass=\"so-widget-sow-editor so-widget-sow-editor-base\"\n\t\t\t\n\t\t>\n<div class=\"siteorigin-widget-tinymce textwidget\">\n\t<p style=\"text-align: center;\"><img loading=\"lazy\" decoding=\"async\" class=\"alignnone wp-image-575\" src=\"http:\/\/www.turkuazokullari.com\/wp-content\/uploads\/2022\/10\/erkek-ogretmen.png\" alt=\"\" width=\"180\" height=\"180\" srcset=\"http:\/\/www.turkuazokullari.com\/wp-content\/uploads\/2022\/10\/erkek-ogretmen.png 500w, http:\/\/www.turkuazokullari.com\/wp-content\/uploads\/2022\/10\/erkek-ogretmen-300x300.png 300w, http:\/\/www.turkuazokullari.com\/wp-content\/uploads\/2022\/10\/erkek-ogretmen-150x150.png 150w, http:\/\/www.turkuazokullari.com\/wp-content\/uploads\/2022\/10\/erkek-ogretmen-375x375.png 375w\" sizes=\"(max-width: 180px) 100vw, 180px\" \/><span style=\"font-size: 14pt;\"><strong><br \/>\n<span style=\"font-size: 12pt;\">Burhan YILMAZ<\/span><\/strong><\/span><br \/>\nTarih \u00d6\u011frt.<\/p>\n<\/div>\n<\/div><\/div><div id=\"panel-140-2-1-3\" class=\"so-panel widget widget_sow-editor panel-last-child\" data-index=\"10\" ><div\n\t\t\t\n\t\t\tclass=\"so-widget-sow-editor so-widget-sow-editor-base\"\n\t\t\t\n\t\t>\n<div class=\"siteorigin-widget-tinymce textwidget\">\n\t<p style=\"text-align: center;\"><img loading=\"lazy\" decoding=\"async\" class=\"alignnone wp-image-568\" src=\"http:\/\/www.turkuazokullari.com\/wp-content\/uploads\/2022\/10\/kadin-ogretmen-1.png\" alt=\"\" width=\"180\" height=\"180\" srcset=\"http:\/\/www.turkuazokullari.com\/wp-content\/uploads\/2022\/10\/kadin-ogretmen-1.png 500w, http:\/\/www.turkuazokullari.com\/wp-content\/uploads\/2022\/10\/kadin-ogretmen-1-300x300.png 300w, http:\/\/www.turkuazokullari.com\/wp-content\/uploads\/2022\/10\/kadin-ogretmen-1-150x150.png 150w, http:\/\/www.turkuazokullari.com\/wp-content\/uploads\/2022\/10\/kadin-ogretmen-1-375x375.png 375w\" sizes=\"(max-width: 180px) 100vw, 180px\" \/><span style=\"font-size: 14pt;\"><strong><br \/>\n<span style=\"font-size: 12pt;\">S\u00fcmeyra Altun KANT<\/span><\/strong><\/span><br \/>\n\u0130ngilizce \u00d6\u011frt.<\/p>\n<\/div>\n<\/div><\/div><\/div><div id=\"pgc-140-2-2\"  class=\"panel-grid-cell\" ><div id=\"panel-140-2-2-0\" class=\"so-panel widget widget_sow-editor panel-first-child\" data-index=\"11\" ><div\n\t\t\t\n\t\t\tclass=\"so-widget-sow-editor so-widget-sow-editor-base\"\n\t\t\t\n\t\t>\n<div class=\"siteorigin-widget-tinymce textwidget\">\n\t<p style=\"text-align: center;\"><img loading=\"lazy\" decoding=\"async\" class=\"alignnone wp-image-568\" src=\"http:\/\/www.turkuazokullari.com\/wp-content\/uploads\/2022\/10\/kadin-ogretmen-1.png\" alt=\"\" width=\"180\" height=\"180\" srcset=\"http:\/\/www.turkuazokullari.com\/wp-content\/uploads\/2022\/10\/kadin-ogretmen-1.png 500w, http:\/\/www.turkuazokullari.com\/wp-content\/uploads\/2022\/10\/kadin-ogretmen-1-300x300.png 300w, http:\/\/www.turkuazokullari.com\/wp-content\/uploads\/2022\/10\/kadin-ogretmen-1-150x150.png 150w, http:\/\/www.turkuazokullari.com\/wp-content\/uploads\/2022\/10\/kadin-ogretmen-1-375x375.png 375w\" sizes=\"(max-width: 180px) 100vw, 180px\" \/><span style=\"font-size: 14pt;\"><strong><br \/>\n<span style=\"font-size: 12pt;\">Rezan \u00c7ET\u0130N<\/span><\/strong><\/span><br \/>\nFizik \u00d6\u011frt.<\/p>\n<\/div>\n<\/div><\/div><div id=\"panel-140-2-2-1\" class=\"so-panel widget widget_sow-editor\" data-index=\"12\" ><div\n\t\t\t\n\t\t\tclass=\"so-widget-sow-editor so-widget-sow-editor-base\"\n\t\t\t\n\t\t>\n<div class=\"siteorigin-widget-tinymce textwidget\">\n\t<p style=\"text-align: center;\"><img loading=\"lazy\" decoding=\"async\" class=\"alignnone wp-image-568\" src=\"http:\/\/www.turkuazokullari.com\/wp-content\/uploads\/2022\/10\/kadin-ogretmen-1.png\" alt=\"\" width=\"180\" height=\"180\" srcset=\"http:\/\/www.turkuazokullari.com\/wp-content\/uploads\/2022\/10\/kadin-ogretmen-1.png 500w, http:\/\/www.turkuazokullari.com\/wp-content\/uploads\/2022\/10\/kadin-ogretmen-1-300x300.png 300w, http:\/\/www.turkuazokullari.com\/wp-content\/uploads\/2022\/10\/kadin-ogretmen-1-150x150.png 150w, http:\/\/www.turkuazokullari.com\/wp-content\/uploads\/2022\/10\/kadin-ogretmen-1-375x375.png 375w\" sizes=\"(max-width: 180px) 100vw, 180px\" \/><span style=\"font-size: 14pt;\"><strong><br \/>\n<span style=\"font-size: 12pt;\">Sema ARHAN<\/span><\/strong><\/span><br \/>\nCo\u011frafya \u00d6\u011frt.<\/p>\n<\/div>\n<\/div><\/div><div id=\"panel-140-2-2-2\" class=\"so-panel widget widget_sow-editor panel-last-child\" data-index=\"13\" ><div\n\t\t\t\n\t\t\tclass=\"so-widget-sow-editor so-widget-sow-editor-base\"\n\t\t\t\n\t\t>\n<div class=\"siteorigin-widget-tinymce textwidget\">\n\t<p style=\"text-align: center;\"><img loading=\"lazy\" decoding=\"async\" class=\"alignnone wp-image-568\" src=\"http:\/\/www.turkuazokullari.com\/wp-content\/uploads\/2022\/10\/kadin-ogretmen-1.png\" alt=\"\" width=\"180\" height=\"180\" srcset=\"http:\/\/www.turkuazokullari.com\/wp-content\/uploads\/2022\/10\/kadin-ogretmen-1.png 500w, http:\/\/www.turkuazokullari.com\/wp-content\/uploads\/2022\/10\/kadin-ogretmen-1-300x300.png 300w, http:\/\/www.turkuazokullari.com\/wp-content\/uploads\/2022\/10\/kadin-ogretmen-1-150x150.png 150w, http:\/\/www.turkuazokullari.com\/wp-content\/uploads\/2022\/10\/kadin-ogretmen-1-375x375.png 375w\" sizes=\"(max-width: 180px) 100vw, 180px\" \/><span style=\"font-size: 14pt;\"><strong><br \/>\n<span style=\"font-size: 12pt;\">Esra EMEKS\u0130Z<\/span><\/strong><\/span><br \/>\nDin K\u00fclt\u00fcr\u00fc \u00d6\u011frt.<\/p>\n<\/div>\n<\/div><\/div><\/div><div id=\"pgc-140-2-3\"  class=\"panel-grid-cell\" ><div id=\"panel-140-2-3-0\" class=\"so-panel widget widget_sow-editor panel-first-child\" data-index=\"14\" ><div\n\t\t\t\n\t\t\tclass=\"so-widget-sow-editor so-widget-sow-editor-base\"\n\t\t\t\n\t\t>\n<div class=\"siteorigin-widget-tinymce textwidget\">\n\t<p style=\"text-align: center;\"><img loading=\"lazy\" decoding=\"async\" class=\"alignnone wp-image-568\" src=\"http:\/\/www.turkuazokullari.com\/wp-content\/uploads\/2022\/10\/kadin-ogretmen-1.png\" alt=\"\" width=\"180\" height=\"180\" srcset=\"http:\/\/www.turkuazokullari.com\/wp-content\/uploads\/2022\/10\/kadin-ogretmen-1.png 500w, http:\/\/www.turkuazokullari.com\/wp-content\/uploads\/2022\/10\/kadin-ogretmen-1-300x300.png 300w, http:\/\/www.turkuazokullari.com\/wp-content\/uploads\/2022\/10\/kadin-ogretmen-1-150x150.png 150w, http:\/\/www.turkuazokullari.com\/wp-content\/uploads\/2022\/10\/kadin-ogretmen-1-375x375.png 375w\" sizes=\"(max-width: 180px) 100vw, 180px\" \/><span style=\"font-size: 14pt;\"><strong><br \/>\n<span style=\"font-size: 12pt;\">Fatmag\u00fcl GENCEL<\/span><\/strong><\/span><br \/>\nKimya \u00d6\u011frt.<\/p>\n<\/div>\n<\/div><\/div><div id=\"panel-140-2-3-1\" class=\"so-panel widget widget_sow-editor\" data-index=\"15\" ><div\n\t\t\t\n\t\t\tclass=\"so-widget-sow-editor so-widget-sow-editor-base\"\n\t\t\t\n\t\t>\n<div class=\"siteorigin-widget-tinymce textwidget\">\n\t<p style=\"text-align: center;\"><img loading=\"lazy\" decoding=\"async\" class=\"alignnone wp-image-575\" src=\"http:\/\/www.turkuazokullari.com\/wp-content\/uploads\/2022\/10\/erkek-ogretmen.png\" alt=\"\" width=\"180\" height=\"180\" srcset=\"http:\/\/www.turkuazokullari.com\/wp-content\/uploads\/2022\/10\/erkek-ogretmen.png 500w, http:\/\/www.turkuazokullari.com\/wp-content\/uploads\/2022\/10\/erkek-ogretmen-300x300.png 300w, http:\/\/www.turkuazokullari.com\/wp-content\/uploads\/2022\/10\/erkek-ogretmen-150x150.png 150w, http:\/\/www.turkuazokullari.com\/wp-content\/uploads\/2022\/10\/erkek-ogretmen-375x375.png 375w\" sizes=\"(max-width: 180px) 100vw, 180px\" \/><span style=\"font-size: 14pt;\"><strong><br \/>\n<span style=\"font-size: 12pt;\">Mehmet Alpay AKARCA<\/span><\/strong><\/span><br \/>\nFelsefe \u00d6\u011frt.<\/p>\n<\/div>\n<\/div><\/div><div id=\"panel-140-2-3-2\" class=\"so-panel widget widget_sow-editor panel-last-child\" data-index=\"16\" ><div\n\t\t\t\n\t\t\tclass=\"so-widget-sow-editor so-widget-sow-editor-base\"\n\t\t\t\n\t\t>\n<div class=\"siteorigin-widget-tinymce textwidget\">\n\t<p style=\"text-align: center;\"><img loading=\"lazy\" decoding=\"async\" class=\"alignnone wp-image-575\" src=\"http:\/\/www.turkuazokullari.com\/wp-content\/uploads\/2022\/10\/erkek-ogretmen.png\" alt=\"\" width=\"180\" height=\"180\" srcset=\"http:\/\/www.turkuazokullari.com\/wp-content\/uploads\/2022\/10\/erkek-ogretmen.png 500w, http:\/\/www.turkuazokullari.com\/wp-content\/uploads\/2022\/10\/erkek-ogretmen-300x300.png 300w, http:\/\/www.turkuazokullari.com\/wp-content\/uploads\/2022\/10\/erkek-ogretmen-150x150.png 150w, http:\/\/www.turkuazokullari.com\/wp-content\/uploads\/2022\/10\/erkek-ogretmen-375x375.png 375w\" sizes=\"(max-width: 180px) 100vw, 180px\" \/><span style=\"font-size: 14pt;\"><strong><br \/>\n<span style=\"font-size: 12pt;\">Cenk KESK\u0130NLER<\/span><\/strong><\/span><br \/>\nM\u00fczik \u00d6\u011frt.<\/p>\n<\/div>\n<\/div><\/div><\/div><\/div><\/div><\/div>","protected":false},"excerpt":{"rendered":"<p>Selcuk SOLHAN OKUL M\u00dcD\u00dcR\u00dc Mehmet Emin SARIKAYA Rehber \u00d6\u011fretmen \u00c7i\u011fdem KARAG\u00d6Z E\u011fitim Dan\u0131\u015fman\u0131<\/p>\n","protected":false},"author":1,"featured_media":0,"parent":0,"menu_order":0,"comment_status":"closed","ping_status":"closed","template":"","meta":{"footnotes":""},"class_list":["post-140","page","type-page","status-publish","hentry","post"],"_links":{"self":[{"href":"http:\/\/www.turkuazokullari.com\/index.php\/wp-json\/wp\/v2\/pages\/140"}],"collection":[{"href":"http:\/\/www.turkuazokullari.com\/index.php\/wp-json\/wp\/v2\/pages"}],"about":[{"href":"http:\/\/www.turkuazokullari.com\/index.php\/wp-json\/wp\/v2\/types\/page"}],"author":[{"embeddable":true,"href":"http:\/\/www.turkuazokullari.com\/index.php\/wp-json\/wp\/v2\/users\/1"}],"replies":[{"embeddable":true,"href":"http:\/\/www.turkuazokullari.com\/index.php\/wp-json\/wp\/v2\/comments?post=140"}],"version-history":[{"count":35,"href":"http:\/\/www.turkuazokullari.com\/index.php\/wp-json\/wp\/v2\/pages\/140\/revisions"}],"predecessor-version":[{"id":687,"href":"http:\/\/www.turkuazokullari.com\/index.php\/wp-json\/wp\/v2\/pages\/140\/revisions\/687"}],"wp:attachment":[{"href":"http:\/\/www.turkuazokullari.com\/index.php\/wp-json\/wp\/v2\/media?parent=140"}],"curies":[{"name":"wp","href":"https:\/\/api.w.org\/{rel}","templated":true}]}}